{"id":1009,"date":"2020-11-03T18:40:58","date_gmt":"2020-11-03T17:40:58","guid":{"rendered":"https:\/\/wp-test.cro-digital.com\/?product=import-placeholder-for-32812"},"modified":"2020-11-03T18:43:01","modified_gmt":"2020-11-03T17:43:01","slug":"jane-one-level-putni-krevetic-i-vrtic-cosmos","status":"publish","type":"product","link":"https:\/\/wp-test.cro-digital.com\/?product=jane-one-level-putni-krevetic-i-vrtic-cosmos","title":{"rendered":"Jane One Level putni kreveti\u0107 i vrti\u0107 &#8211; Cosmos"},"content":{"rendered":"<p>Inovativni putni kreveti\u0107 koji se mo\u017ee koristiti i kao kreveti\u0107 za novoro\u0111en\u010de, kao zamjena za kinderbet ili kao sigurno mjesto za popodnevni odmor i igru. Prednost ovog putnog kreveti\u0107a je veli\u010dina (120,5 x 60,5 cm) koja odgovara veli\u010dini klasi\u010dnog dje\u010djeg kreveti\u0107a tako da vam ne\u0107e trebati posteljina posebne veli\u010dine.<\/p>\n<p>Putni kreveti\u0107 One Level Toys sadr\u017ei luk s igra\u010dkama za zabavu va\u0161eg djeteta, te prozor\u010di\u0107 koji se mo\u017ee otvarati i zatvarati kako bi dijete lak\u0161e izlazilo i ulazilo u kreveti\u0107 tijekom igre. Gornji rub vrti\u0107a oblo\u017een je mekanim, ugodnim materijalom, a bo\u010dne stranice su prozirne kako bi vas beba mogla vidjeti, a i vi nju.<\/p>\n<ul>\n<li>Pogodno za kori\u0161tenje od ro\u0111enja do 3 godine<\/li>\n<li>Mo\u017ee se koristiti i kao kreveti\u0107 za novoro\u0111en\u010de, kao zamjena za kinderbet ili vrti\u0107<\/li>\n<li>Uklju\u010duje odvojiv luk s mekanim igra\u010dkicama<\/li>\n<li>Sadr\u017ei otvor koji se zatvara pomo\u0107u cifa, za samostalan ulaz i izlaz djeteta iz kreveti\u0107a tijekom igre<\/li>\n<li>Na bo\u010dnoj strani veliki d\u017eep za pohranu igra\u010daka i stvari<\/li>\n<li>Kota\u010di za lak\u0161e pomicanje (mogu se zako\u010diti)<\/li>\n<li>Mekana podstavljena podloga madraca<\/li>\n<li>Spu\u017evaste navlake za lak\u0161e odr\u017eavanje<\/li>\n<li>Lagano sklapanje i rasklapanje<\/li>\n<li>Uklju\u010duje torbu za prijenos kreveti\u0107a<\/li>\n<li>Dimenzije madraca: 120,5 x 60,5 cm<\/li>\n<li>Dubina kreveta s uklju\u010denim madracem: 64 cm<\/li>\n<li>Dimenzije kreveti\u0107a: 129 x 71,5 x 77 cm<\/li>\n<li>Dimenzije sklopljenog kreveti\u0107a: 24 x 24 x 81,5 cm<\/li>\n<li>Te\u017eina: 10,5 kg<\/li>\n<\/ul>\n","protected":false},"excerpt":{"rendered":"<p>Inovativni putni kreveti\u0107 koji se mo\u017ee koristiti i kao kreveti\u0107 za novoro\u0111en\u010de, kao zamjena za kinderbet ili kao sigurno mjesto za popodnevni odmor i igru.<\/p>\n","protected":false},"featured_media":1104,"comment_status":"closed","ping_status":"closed","template":"","meta":[],"_links":{"self":[{"href":"https:\/\/wp-test.cro-digital.com\/index.php?rest_route=\/wp\/v2\/product\/1009"}],"collection":[{"href":"https:\/\/wp-test.cro-digital.com\/index.php?rest_route=\/wp\/v2\/product"}],"about":[{"href":"https:\/\/wp-test.cro-digital.com\/index.php?rest_route=\/wp\/v2\/types\/product"}],"replies":[{"embeddable":true,"href":"https:\/\/wp-test.cro-digital.com\/index.php?rest_route=%2Fwp%2Fv2%2Fcomments&post=1009"}],"wp:featuredmedia":[{"embeddable":true,"href":"https:\/\/wp-test.cro-digital.com\/index.php?rest_route=\/wp\/v2\/media\/1104"}],"wp:attachment":[{"href":"https:\/\/wp-test.cro-digital.com\/index.php?rest_route=%2Fwp%2Fv2%2Fmedia&parent=1009"}],"curies":[{"name":"wp","href":"https:\/\/api.w.org\/{rel}","templated":true}]}}