{"id":1010,"date":"2020-11-03T18:40:58","date_gmt":"2020-11-03T17:40:58","guid":{"rendered":"https:\/\/wp-test.cro-digital.com\/?product=import-placeholder-for-32822"},"modified":"2020-11-03T18:43:09","modified_gmt":"2020-11-03T17:43:09","slug":"jane-sincro-baby-guard-43-baby-monitor","status":"publish","type":"product","link":"https:\/\/wp-test.cro-digital.com\/?product=jane-sincro-baby-guard-43-baby-monitor","title":{"rendered":"Jan\u00e9 Sincro Baby Guard 4,3 baby monitor"},"content":{"rendered":"<p>Nikada nije bilo tako jednostavno pratiti spavanje va\u0161eg djeteta. Sincro Baby Guard automatski \u0107e prepoznati i pratiti svaki pokret va\u0161e bebe, tako da se cijela obitelj napokon mo\u017ee opustiti.<\/p>\n<p>Sincro Baby Guard monitor pru\u017eit \u0107e vam visokokvalitetnu sliku va\u0161e bebe koja spava u svojoj sobi i danju i no\u0107u zahvaljuju\u0107i no\u0107nom vidu. Najzna\u010dajnija stvar Baby Guarda-a pored potpuno okretne kamere je ta \u0161to ima funkciju automatskog pra\u0107enja. Ta funkcija omogu\u0107uje kameri otkrivanje pokreta, pa ako dijete ustane ili se kre\u0107e po kreveti\u0107u ili sobi, kamerica \u0107e vam i dalje nuditi sliku i omogu\u0107iti da i dalje nastavite pratiti svaki djetetov korak. Zahvaljuju\u0107i najnovijoj tehnologiji kut kamere mo\u017eete promijeniti pomo\u0107u prijemnika iz bilo koje sobe u ku\u0107i.<br \/>\n<img loading=\"lazy\" class=\"aligncenter size-full wp-image-33764\" src=\"https:\/\/www.all4kids.com.hr\/wp-content\/uploads\/2020\/05\/Baby-Guard-2.jpg\" alt=\"\" width=\"570\" height=\"570\" \/><\/p>\n<ul>\n<li>Digitalni prijenos<\/li>\n<li>Funkcija automatskog pra\u0107enja &#8211; otkriva bebino kretanje i prati ju kako ju ne biste izgubili iz vida<\/li>\n<li>Podesiva kamera iz prijemnika<\/li>\n<li>Podesiv kut kamere do 330\u00ba vodoravno i 80\u00ba okomito<\/li>\n<li>Dvosmjerni audio: odrasla osoba mo\u017ee razgovarati s djetetom<\/li>\n<li>Dnevni i no\u0107ni vid<\/li>\n<li>Nulta smetnja<\/li>\n<li>Prijemnik s punjivom baterijom<\/li>\n<li>Alarm za gubitak pokrivenosti<\/li>\n<li>4,3 \u201c zaslon u boji<\/li>\n<li>Pode\u0161avanje osjetljivosti mikrofona<\/li>\n<li>Uklju\u010duje dva adaptera<\/li>\n<\/ul>\n","protected":false},"excerpt":{"rendered":"<p>Nikada nije bilo tako jednostavno pratiti spavanje va\u0161eg djeteta. Sincro Baby Guard automatski \u0107e prepoznati i pratiti svaki pokret va\u0161e bebe, tako da se cijela obitelj napokon mo\u017ee opustiti.<\/p>\n","protected":false},"featured_media":1118,"comment_status":"closed","ping_status":"closed","template":"","meta":[],"_links":{"self":[{"href":"https:\/\/wp-test.cro-digital.com\/index.php?rest_route=\/wp\/v2\/product\/1010"}],"collection":[{"href":"https:\/\/wp-test.cro-digital.com\/index.php?rest_route=\/wp\/v2\/product"}],"about":[{"href":"https:\/\/wp-test.cro-digital.com\/index.php?rest_route=\/wp\/v2\/types\/product"}],"replies":[{"embeddable":true,"href":"https:\/\/wp-test.cro-digital.com\/index.php?rest_route=%2Fwp%2Fv2%2Fcomments&post=1010"}],"wp:featuredmedia":[{"embeddable":true,"href":"https:\/\/wp-test.cro-digital.com\/index.php?rest_route=\/wp\/v2\/media\/1118"}],"wp:attachment":[{"href":"https:\/\/wp-test.cro-digital.com\/index.php?rest_route=%2Fwp%2Fv2%2Fmedia&parent=1010"}],"curies":[{"name":"wp","href":"https:\/\/api.w.org\/{rel}","templated":true}]}}