{"id":1055,"date":"2020-11-03T18:41:50","date_gmt":"2020-11-03T17:41:50","guid":{"rendered":"https:\/\/wp-test.cro-digital.com\/?product=import-placeholder-for-32894"},"modified":"2020-11-03T18:43:34","modified_gmt":"2020-11-03T17:43:34","slug":"jane-away-torba-ruksak-bronze","status":"publish","type":"product","link":"https:\/\/wp-test.cro-digital.com\/?product=jane-away-torba-ruksak-bronze","title":{"rendered":"Jan\u00e9 Away torba\/ruksak &#8211; Bronze"},"content":{"rendered":"<p>U Away torbi mo\u017eete ponijeti sve \u0161to je potrebno za va\u0161e dijete. Ona je elegantna, prakti\u010dna i prostrana torba koja se vrlo lako mo\u017ee pretvoriti u ruksak.\u00a0Uklju\u010duje dodatnu torbicu\/neseser i podlogu za presvla\u010denje, \u0161to je vrlo bitno kod du\u017eih izbivanja iz ku\u0107e. Elegantna torba, jednostavnog i modernog dizajna sadr\u017ei vi\u0161e\u00a0unutarnjih odjeljaka koji \u0107e se pobrinuti za savr\u0161nu organizaciju, te d\u017eep za odr\u017eavanje temperature hrane. Ukoliko planirate izvesti svog mali\u0161ana u vo\u017enju s kolicima, torba sadr\u017ei trake pomo\u0107u kojih \u0107ete ju vrlo lako pri\u010dvrstiti na ru\u010dku kolica, pa \u0107e tako potreba stvari u dugim \u0161etnjama biti nadohvat ruke.<\/p>\n<ul>\n<li>Elegantna, prakti\u010dna i prostrana torba<\/li>\n<li>Sadr\u017ei mo\u0161tvo unutarnjih odjeljaka koji omogu\u0107uju bolju preglednost<\/li>\n<li>Bo\u010dni, prednji, unutarnji i stra\u017enji d\u017eep za vrhunsku organizaciju<\/li>\n<li>Laminirana unutra\u0161njost<\/li>\n<li>Uklju\u010duje podlogu za previjanje i dodatnu torbicu\/ neseser<\/li>\n<li>Podesivo remenje omogu\u0107uje no\u0161enje torbe kao ruksak ili kao dodatak na kolicima<\/li>\n<li>Sadr\u017ei d\u017eep za odr\u017eavanje temperature hrane<\/li>\n<li>Dimenzije: 10 x 42 x 35 cm<\/li>\n<li>Dimenzije pakiranja: 10 x 42 x 35 cm<\/li>\n<\/ul>\n","protected":false},"excerpt":{"rendered":"<p>U Away torbi mo\u017eete ponijeti sve \u0161to je potrebno za va\u0161e dijete. Ona je elegantna, prakti\u010dna i prostrana torba koja se vrlo lako mo\u017ee pretvoriti u ruksak.<\/p>\n","protected":false},"featured_media":1137,"comment_status":"closed","ping_status":"closed","template":"","meta":[],"_links":{"self":[{"href":"https:\/\/wp-test.cro-digital.com\/index.php?rest_route=\/wp\/v2\/product\/1055"}],"collection":[{"href":"https:\/\/wp-test.cro-digital.com\/index.php?rest_route=\/wp\/v2\/product"}],"about":[{"href":"https:\/\/wp-test.cro-digital.com\/index.php?rest_route=\/wp\/v2\/types\/product"}],"replies":[{"embeddable":true,"href":"https:\/\/wp-test.cro-digital.com\/index.php?rest_route=%2Fwp%2Fv2%2Fcomments&post=1055"}],"wp:featuredmedia":[{"embeddable":true,"href":"https:\/\/wp-test.cro-digital.com\/index.php?rest_route=\/wp\/v2\/media\/1137"}],"wp:attachment":[{"href":"https:\/\/wp-test.cro-digital.com\/index.php?rest_route=%2Fwp%2Fv2%2Fmedia&parent=1055"}],"curies":[{"name":"wp","href":"https:\/\/api.w.org\/{rel}","templated":true}]}}