{"id":1091,"date":"2020-11-03T18:42:36","date_gmt":"2020-11-03T17:42:36","guid":{"rendered":"https:\/\/wp-test.cro-digital.com\/?product=import-placeholder-for-33768"},"modified":"2020-11-03T18:44:34","modified_gmt":"2020-11-03T17:44:34","slug":"jane-pamucna-podloga-za-kolica-lion","status":"publish","type":"product","link":"https:\/\/wp-test.cro-digital.com\/?product=jane-pamucna-podloga-za-kolica-lion","title":{"rendered":"Jane pamu\u010dna podloga za kolica &#8211; Lion"},"content":{"rendered":"<p>Darujte svojim kolicima novi izgled s prekrasnom Jane dvostranom pamu\u010dnom podlogom za kolica s prozra\u010dnim punjenjem. Udobna pamu\u010dna podloga za kolica omogu\u0107iti \u0107e va\u0161em mali\u0161anu ugodnije vo\u017enje tijekom najtoplijih mjeseci u godini. Sadr\u017ei otvore prilago\u0111ene sustavu vezanja u pet to\u010daka i prilagodljiva je ve\u0107ini kolica na tr\u017ei\u0161tu.<\/p>\n<ul>\n<li>Univerzalna pamu\u010dna podloga za dje\u010dja kolica<\/li>\n<li>Dvostrana podloga &#8211; mo\u017eete izmjenjivati 2 zabavna dezena<\/li>\n<li>Posebno dizajnirana za ljetne dane &#8211; prozra\u010dan i ugodan materijal<\/li>\n<li>Prekrasan i moderan dizajn<\/li>\n<li>Uklju\u010duje trake za pri\u010dvr\u0161\u0107ivanje podloge za kolica<\/li>\n<li>Sadr\u017ei otvore prilago\u0111ene sustavu vezanja u pet to\u010daka<\/li>\n<li>Materijal: pamuk<\/li>\n<li>Dimenzije: 85 x 33 cm<\/li>\n<\/ul>\n","protected":false},"excerpt":{"rendered":"<p>Darujte svojim kolicima novi izgled s prekrasnom Jane dvostranom pamu\u010dnom podlogom za kolica.<\/p>\n","protected":false},"featured_media":1166,"comment_status":"closed","ping_status":"closed","template":"","meta":[],"_links":{"self":[{"href":"https:\/\/wp-test.cro-digital.com\/index.php?rest_route=\/wp\/v2\/product\/1091"}],"collection":[{"href":"https:\/\/wp-test.cro-digital.com\/index.php?rest_route=\/wp\/v2\/product"}],"about":[{"href":"https:\/\/wp-test.cro-digital.com\/index.php?rest_route=\/wp\/v2\/types\/product"}],"replies":[{"embeddable":true,"href":"https:\/\/wp-test.cro-digital.com\/index.php?rest_route=%2Fwp%2Fv2%2Fcomments&post=1091"}],"wp:featuredmedia":[{"embeddable":true,"href":"https:\/\/wp-test.cro-digital.com\/index.php?rest_route=\/wp\/v2\/media\/1166"}],"wp:attachment":[{"href":"https:\/\/wp-test.cro-digital.com\/index.php?rest_route=%2Fwp%2Fv2%2Fmedia&parent=1091"}],"curies":[{"name":"wp","href":"https:\/\/api.w.org\/{rel}","templated":true}]}}