{"id":1094,"date":"2020-11-03T18:42:37","date_gmt":"2020-11-03T17:42:37","guid":{"rendered":"https:\/\/wp-test.cro-digital.com\/?product=import-placeholder-for-33887"},"modified":"2020-11-03T18:45:07","modified_gmt":"2020-11-03T17:45:07","slug":"beaba-babycook-parno-kuhalo-dark-grey","status":"publish","type":"product","link":"https:\/\/wp-test.cro-digital.com\/?product=beaba-babycook-parno-kuhalo-dark-grey","title":{"rendered":"Beaba Babycook parno kuhalo &#8211; Dark Grey"},"content":{"rendered":"<p>Beaba Babycook parno kuhalo 4u1 kuha, podgrijava, odmrzava i blenda hranu. Iznimno je jednostavan za kori\u0161tenje, ali i za \u010di\u0161\u0107enje. Ciklus kuhanja na pari traje svega 15 minuta \u0161to je dovoljno za pripremu bilo koje namirnice. Ima zvu\u010dni signal koji obavje\u0161tava o kraju ciklusa, te automatsko isklju\u010divanje.<\/p>\n<p>Beaba Babycook jedinstven je ure\u0111aj u ponudi modernih i funkcionalnih ure\u0111aja za pripremu hrane za bebe. Zahvaljuju\u0107i kuhalu Babycook priprema hrane sada je jednostavnija i br\u017ea, a \u0161to je jo\u0161 va\u017enije, hrana kuhana na pari zadr\u017eava vitamine i nutrijente, pa \u0107ete biti sigurni da se Va\u0161a beba hrani zdravo.<\/p>\n<p><strong>Uklju\u010duje:<\/strong> Babycook parno kuhalo, filter za miksanje i \u017elicu.<\/p>\n<ul>\n<li>4u1: kuha, podgrijava, odmrzava i miksa.<\/li>\n<li>Brz i jednostavan za upotrebu &#8211; mo\u017ee se koristiti jednom rukom.<\/li>\n<li>Ru\u010dno miksanje sa efektom vrtnje &#8211; za pripremu prema va\u0161im \u017eeljama, prilago\u0111avanje strukture i usitnjenosti sukladno djetetovoj starosti (glatko, pire, komadi\u0107i).<\/li>\n<li>Ko\u0161arica za kuhanje na pari se lako odvaja: mogu\u0107nost skupljanja sokova tijekom kuhanja koji su bogati vitaminima i mineralima kako bi se prilago\u0111avala struktura obroka (vi\u0161e ili manje teku\u0107e).<\/li>\n<li>Samo jedan gumb za sve funkcije (kuhanje \u2013 miksanje).<\/li>\n<li>Prakti\u010dna \u017eli\u010dica za uklanjanje ko\u0161arice za kuhanje na pari, mije\u0161anje i premje\u0161tanje hrane u posudu bez mogu\u0107nosti da se ope\u010dete.<\/li>\n<li>Proces kuhanja traje samo 15 minuta.<\/li>\n<li>\u010cuva vitamine i hranljive sastojke.<\/li>\n<li>Easy clip sistem otvaranja i zatvaranja poklopca.<\/li>\n<li>Automatsko isklju\u010divanje sa svijetlom i zvu\u010dnim signalom kada je kuhanje na pari zavr\u0161eno &#8211; nije potrebno stalno pratiti tijek kuhanja.<\/li>\n<li>Lako odvojiva posuda: jednostavno \u010di\u0161\u0107enje i odr\u017eavanje.<\/li>\n<li>Filter za miksanje lako se uklanja &#8211; jednostavno \u010di\u0161\u0107enje.<\/li>\n<li>Indikator za pojavu kamenca<\/li>\n<li>Zdjela s mjernim jedinicama za lak\u0161e mjerenje koli\u010dine vode<\/li>\n<li>Odvojivi kabel<\/li>\n<li>Kapacitet posude: 1100 ml<\/li>\n<li>Blender 130W, zagrijavanje 400W<\/li>\n<\/ul>\n<p><strong>Napomena: <\/strong>Poklopac, ko\u0161aricu, posudu i sjeka\u010d operite ru\u010dno ili u perilici posu\u0111a. Parno kuhalo \u010distite mekom vla\u017enom krpicom. Ne uranjati u vodu!<\/p>\n<p style=\"text-align: center;\"><strong>Nagrade<\/strong><\/p>\n<p><img loading=\"lazy\" class=\"aligncenter wp-image-33872\" src=\"https:\/\/www.all4kids.com.hr\/wp-content\/uploads\/2020\/06\/nagrade-baby-cook-solo.jpg\" alt=\"\" width=\"783\" height=\"297\" \/><\/p>\n","protected":false},"excerpt":{"rendered":"<p>Beaba Babycook parno kuhalo 4u1 kuha, podgrijava, odmrzava i blenda hranu. Zahvaljuju\u0107i Babycook kuhalu priprema hrane sada je jednostavnija i br\u017ea, a \u0161to je jo\u0161 va\u017enije, hrana kuhana na pari zadr\u017eava vitamine i nutrijente, pa \u0107ete biti sigurni da se Va\u0161a beba hrani zdravo.<\/p>\n","protected":false},"featured_media":1187,"comment_status":"closed","ping_status":"closed","template":"","meta":[],"_links":{"self":[{"href":"https:\/\/wp-test.cro-digital.com\/index.php?rest_route=\/wp\/v2\/product\/1094"}],"collection":[{"href":"https:\/\/wp-test.cro-digital.com\/index.php?rest_route=\/wp\/v2\/product"}],"about":[{"href":"https:\/\/wp-test.cro-digital.com\/index.php?rest_route=\/wp\/v2\/types\/product"}],"replies":[{"embeddable":true,"href":"https:\/\/wp-test.cro-digital.com\/index.php?rest_route=%2Fwp%2Fv2%2Fcomments&post=1094"}],"wp:featuredmedia":[{"embeddable":true,"href":"https:\/\/wp-test.cro-digital.com\/index.php?rest_route=\/wp\/v2\/media\/1187"}],"wp:attachment":[{"href":"https:\/\/wp-test.cro-digital.com\/index.php?rest_route=%2Fwp%2Fv2%2Fmedia&parent=1094"}],"curies":[{"name":"wp","href":"https:\/\/api.w.org\/{rel}","templated":true}]}}