{"id":1111,"date":"2020-11-03T18:43:04","date_gmt":"2020-11-03T17:43:04","guid":{"rendered":"https:\/\/wp-test.cro-digital.com\/?product=import-placeholder-for-3384349126827"},"modified":"2020-11-03T18:46:29","modified_gmt":"2020-11-03T17:46:29","slug":"beaba-posuda-za-tjesteninu-i-rizu-babycook-neo","status":"publish","type":"product","link":"https:\/\/wp-test.cro-digital.com\/?product=beaba-posuda-za-tjesteninu-i-rizu-babycook-neo","title":{"rendered":"Beaba posuda za tjesteninu i ri\u017eu &#8211; Babycook Neo"},"content":{"rendered":"<p>Posuda je namijenjena za pripremu tjestenine ili ri\u017ee, odnosno za pripremu jela od \u0161kroba. Pomo\u0107u ove posude mo\u017eete brzo i jednostavno skuhati tjesteninu, ri\u017eu, krupicu ili le\u0107u. Kapacitet posude iznosi 750g pa istovremeno mo\u017eete pripremiti \u010dak i nekoliko obroka. <strong>Posuda za tjesteninu \/ ri\u017eu namijenjena je za kori\u0161tenje u kombinaciji s Babycook NEO parnim kuhalom<\/strong>, a izra\u0111ena je od ekolo\u0161kog i visokokvalitetnog nehr\u0111aju\u0107eg \u010delika.<\/p>\n<ul>\n<li>Kompatibilna s Babycook NEO parnim kuhalom<\/li>\n<li>Posuda za kuhanje \u0161krobne hrane (ri\u017ea, tjestenina, krupica, le\u0107a)<\/li>\n<li>Brza priprema<\/li>\n<li>Materijal: nehr\u0111aju\u0107i \u010delik<\/li>\n<li>Kapacitet: 750 g<\/li>\n<\/ul>\n","protected":false},"excerpt":{"rendered":"<p>Posuda za ri\u017eu namijenjena je za kori\u0161tenje s Babycook NEO parnim kuhalom.<\/p>\n","protected":false},"featured_media":1257,"comment_status":"closed","ping_status":"closed","template":"","meta":[],"_links":{"self":[{"href":"https:\/\/wp-test.cro-digital.com\/index.php?rest_route=\/wp\/v2\/product\/1111"}],"collection":[{"href":"https:\/\/wp-test.cro-digital.com\/index.php?rest_route=\/wp\/v2\/product"}],"about":[{"href":"https:\/\/wp-test.cro-digital.com\/index.php?rest_route=\/wp\/v2\/types\/product"}],"replies":[{"embeddable":true,"href":"https:\/\/wp-test.cro-digital.com\/index.php?rest_route=%2Fwp%2Fv2%2Fcomments&post=1111"}],"wp:featuredmedia":[{"embeddable":true,"href":"https:\/\/wp-test.cro-digital.com\/index.php?rest_route=\/wp\/v2\/media\/1257"}],"wp:attachment":[{"href":"https:\/\/wp-test.cro-digital.com\/index.php?rest_route=%2Fwp%2Fv2%2Fmedia&parent=1111"}],"curies":[{"name":"wp","href":"https:\/\/api.w.org\/{rel}","templated":true}]}}