{"id":1113,"date":"2020-11-03T18:43:05","date_gmt":"2020-11-03T17:43:05","guid":{"rendered":"https:\/\/wp-test.cro-digital.com\/?product=import-placeholder-for-33932"},"modified":"2020-11-03T18:45:51","modified_gmt":"2020-11-03T17:45:51","slug":"beaba-baby-squeez-2u1-blue","status":"publish","type":"product","link":"https:\/\/wp-test.cro-digital.com\/?product=beaba-baby-squeez-2u1-blue","title":{"rendered":"Beaba Baby Squeez 2u1 &#8211; Blue"},"content":{"rendered":"<p>Baby Squezz je silikonska bo\u010dica koju mo\u017eete napuniti hranjivim tvarima kao \u0161to su jogurt, pire ili ka\u0161ice, te zahvaljuju\u0107i zra\u010dnom usniku te savr\u0161enoj mjerici porcija, o\u010duvati \u0107e svje\u017einu obroka za kasnije.<\/p>\n<ul>\n<li>Namijenjeno za kori\u0161tenje od 6 mjeseci<\/li>\n<li>Za pripremu doma\u0107e ka\u0161ice.<\/li>\n<li>Jednostavna za kori\u0161tenje i \u010di\u0161\u0107enje, te vrlo zabavna.<\/li>\n<li>Pogodna za izlete, duga putovanja jer tehnologija proizvodnje omogu\u0107uje da hrana ostane svje\u017ea i ukusna.<\/li>\n<li>Prodaje se s 2 silikonska nastavka (6-12 mjeseci i 12+ mjeseci) radi optimalnog ortodontskog razvoja.<\/li>\n<\/ul>\n<p>&nbsp;<\/p>\n","protected":false},"excerpt":{"rendered":"<p>Baby Squezz je silikonska bo\u010dica koju mo\u017eete napuniti hranjivim tvarima kao \u0161to su jogurt, pire ili ka\u0161ice, te zahvaljuju\u0107i zra\u010dnom usniku te savr\u0161enoj mjerici porcija, o\u010duvat \u0107e svje\u017einu obroka za kasnije.<\/p>\n","protected":false},"featured_media":1226,"comment_status":"closed","ping_status":"closed","template":"","meta":[],"_links":{"self":[{"href":"https:\/\/wp-test.cro-digital.com\/index.php?rest_route=\/wp\/v2\/product\/1113"}],"collection":[{"href":"https:\/\/wp-test.cro-digital.com\/index.php?rest_route=\/wp\/v2\/product"}],"about":[{"href":"https:\/\/wp-test.cro-digital.com\/index.php?rest_route=\/wp\/v2\/types\/product"}],"replies":[{"embeddable":true,"href":"https:\/\/wp-test.cro-digital.com\/index.php?rest_route=%2Fwp%2Fv2%2Fcomments&post=1113"}],"wp:featuredmedia":[{"embeddable":true,"href":"https:\/\/wp-test.cro-digital.com\/index.php?rest_route=\/wp\/v2\/media\/1226"}],"wp:attachment":[{"href":"https:\/\/wp-test.cro-digital.com\/index.php?rest_route=%2Fwp%2Fv2%2Fmedia&parent=1113"}],"curies":[{"name":"wp","href":"https:\/\/api.w.org\/{rel}","templated":true}]}}