{"id":1116,"date":"2020-11-03T18:43:05","date_gmt":"2020-11-03T17:43:05","guid":{"rendered":"https:\/\/wp-test.cro-digital.com\/?product=import-placeholder-for-34120"},"modified":"2020-11-03T18:46:17","modified_gmt":"2020-11-03T17:46:17","slug":"jane-sklopivi-podbradnjak-boho-pink","status":"publish","type":"product","link":"https:\/\/wp-test.cro-digital.com\/?product=jane-sklopivi-podbradnjak-boho-pink","title":{"rendered":"Jane sklopivi podbradnjak &#8211; Boho Pink"},"content":{"rendered":"<p>Sa sklopivim silikonskim podbratkom obroci va\u0161eg mali\u0161ana pro\u0107i \u0107e bez nereda. Mekani podbradnjak sadr\u017ei d\u017eep koji je dovoljno \u0161irok da uhvati gotovo sve zalutale komade hrane koji nedostaju dje\u010djim ustima. Snap pru\u017ea veliku pokrivenost za za\u0161titu dje\u010dje odje\u0107e, a posebno je dizajniran kako bi pru\u017eio udobnost tijekom obroka. Kad se spremate za izlazak, jednostavno ga zarolajte u silikonski d\u017eep i spremite ga u svoju torbu za previjanje. Silikonski d\u017eep dr\u017eat \u0107e podbradnjak \u010distim i za\u0161ti\u0107enim od ostalog sadr\u017eaja unutar torbe za previjanje.<\/p>\n<ul>\n<li>Pogodno za kori\u0161tenje od ro\u0111enja<\/li>\n<li>Lako odr\u017eavanje i brzo su\u0161enje<\/li>\n<li>Pru\u017ea veliku pokrivenost za za\u0161titu dje\u010dje odje\u0107e<\/li>\n<li>Idealno za uporabu izvan ku\u0107e zahvaljuju\u0107i d\u017eepu u koji ga mo\u017eete zarolati i spremiti u torbu za previjanje<\/li>\n<li>Podesiva kop\u010da<\/li>\n<li>Mekani silikon prilago\u0111ava se tijelu i ugodan je za bebin vrat<\/li>\n<li>Zahvaljuju\u0107i du\u017eini i mekanom dizajnu silikona mo\u017ee se koristiti u kombinaciji s visokom stolicom (hranilicom)<\/li>\n<li>Silikonski materijal jednostavan za pranje<\/li>\n<li>100% siguran proizvod &#8211; BPA, PVC, LEAD i ftalat<\/li>\n<li>Dimenzije proizvoda: 19 x 26,5 cm<\/li>\n<\/ul>\n","protected":false},"excerpt":{"rendered":"<p>Sa sklopivim silikonskim podbratkom obroci va\u0161eg mali\u0161ana pro\u0107i \u0107e bez nereda. Mekani podbradnjak sadr\u017ei d\u017eep koji je dovoljno \u0161irok da uhvati gotovo sve zalutale komade hrane koji nedostaju dje\u010djim ustima.<\/p>\n","protected":false},"featured_media":1247,"comment_status":"closed","ping_status":"closed","template":"","meta":[],"_links":{"self":[{"href":"https:\/\/wp-test.cro-digital.com\/index.php?rest_route=\/wp\/v2\/product\/1116"}],"collection":[{"href":"https:\/\/wp-test.cro-digital.com\/index.php?rest_route=\/wp\/v2\/product"}],"about":[{"href":"https:\/\/wp-test.cro-digital.com\/index.php?rest_route=\/wp\/v2\/types\/product"}],"replies":[{"embeddable":true,"href":"https:\/\/wp-test.cro-digital.com\/index.php?rest_route=%2Fwp%2Fv2%2Fcomments&post=1116"}],"wp:featuredmedia":[{"embeddable":true,"href":"https:\/\/wp-test.cro-digital.com\/index.php?rest_route=\/wp\/v2\/media\/1247"}],"wp:attachment":[{"href":"https:\/\/wp-test.cro-digital.com\/index.php?rest_route=%2Fwp%2Fv2%2Fmedia&parent=1116"}],"curies":[{"name":"wp","href":"https:\/\/api.w.org\/{rel}","templated":true}]}}