{"id":1131,"date":"2020-11-03T18:43:29","date_gmt":"2020-11-03T17:43:29","guid":{"rendered":"https:\/\/wp-test.cro-digital.com\/?product=import-placeholder-for-35056"},"modified":"2020-11-03T18:46:36","modified_gmt":"2020-11-03T17:46:36","slug":"jane-baluu-lezaljka-rainbow","status":"publish","type":"product","link":"https:\/\/wp-test.cro-digital.com\/?product=jane-baluu-lezaljka-rainbow","title":{"rendered":"Jane Baluu le\u017ealjka &#8211; Rainbow"},"content":{"rendered":"<p>Le\u017ealjka Baluu pru\u017eit \u0107e va\u0161em djetetu zabavno i prirodno ljuljanje. Beba svojim pokretima pokre\u0107e ljuljanje ljulja\u010dke \u010dime razvija motori\u010dke sposobnosti i osje\u0107aj za ravnote\u017eu. S obzirom da je pogodna i za vrlo male bebe roditelji \u0107e mo\u0107i umiriti svoju bebu nje\u017enim ljulju\u0161kanjem.<\/p>\n<p><img loading=\"lazy\" class=\"aligncenter size-full wp-image-32921\" src=\"https:\/\/www.all4kids.com.hr\/wp-content\/uploads\/2020\/05\/balu.jpg\" alt=\"\" width=\"1023\" height=\"768\" \/><\/p>\n<ul>\n<li>Namijenjena za kori\u0161tenje od ro\u0111enja do 9 kg<\/li>\n<li>100% aluminijska konstrukcija \u010dini je izuzetno laganom<\/li>\n<li>Tri polo\u017eaja naslona za razli\u010dite potrebe<\/li>\n<li>Naslon se mo\u017ee iz uspravnog polo\u017eaja za igru, podesiti u le\u017ee\u0107i polo\u017eaj za spavanje<\/li>\n<li>Poma\u017ee pravilno podr\u017eati bebina le\u0111a i vrat, \u0161to je posebno va\u017eno za male bebe \u010diji mi\u0161i\u0107i jo\u0161 nisu u potpunosti razvijeni<\/li>\n<li>Ergonomski dizajnirana ljulja\u010dka<\/li>\n<li>Luk sa zabavnim kuglicama u bojama \u2013 za zabavu bebe<\/li>\n<li>Za potpunu za\u0161titu le\u017ealjka je opremljena sigurnosnim pojasom<\/li>\n<li>Nisu potrebne baterije<\/li>\n<li>Ultra kompaktan sklopivi sustav<\/li>\n<li>Uklonjiva i periva navlaka<\/li>\n<li>Dimenzije le\u017ealjke: 85 x 43 x 12 cm<\/li>\n<li>Te\u017eina proizvoda: 3,2 kg<\/li>\n<\/ul>\n","protected":false},"excerpt":{"rendered":"<p>Le\u017ealjka Baluu pru\u017eit \u0107e va\u0161em djetetu zabavno i prirodno ljuljanje uz pravilno podr\u017eavanje bebinih le\u0111a i vrata.<\/p>\n","protected":false},"featured_media":1258,"comment_status":"closed","ping_status":"closed","template":"","meta":[],"_links":{"self":[{"href":"https:\/\/wp-test.cro-digital.com\/index.php?rest_route=\/wp\/v2\/product\/1131"}],"collection":[{"href":"https:\/\/wp-test.cro-digital.com\/index.php?rest_route=\/wp\/v2\/product"}],"about":[{"href":"https:\/\/wp-test.cro-digital.com\/index.php?rest_route=\/wp\/v2\/types\/product"}],"replies":[{"embeddable":true,"href":"https:\/\/wp-test.cro-digital.com\/index.php?rest_route=%2Fwp%2Fv2%2Fcomments&post=1131"}],"wp:featuredmedia":[{"embeddable":true,"href":"https:\/\/wp-test.cro-digital.com\/index.php?rest_route=\/wp\/v2\/media\/1258"}],"wp:attachment":[{"href":"https:\/\/wp-test.cro-digital.com\/index.php?rest_route=%2Fwp%2Fv2%2Fmedia&parent=1131"}],"curies":[{"name":"wp","href":"https:\/\/api.w.org\/{rel}","templated":true}]}}