{"id":114,"date":"2020-11-03T18:20:25","date_gmt":"2020-11-03T17:20:25","guid":{"rendered":"https:\/\/wp-test.cro-digital.com\/?product=import-placeholder-for-15850"},"modified":"2020-11-03T18:22:43","modified_gmt":"2020-11-03T17:22:43","slug":"jane-termo-posuda-s-torbicom-holi","status":"publish","type":"product","link":"https:\/\/wp-test.cro-digital.com\/?product=jane-termo-posuda-s-torbicom-holi","title":{"rendered":"Jan\u00e9 termo posuda s torbicom &#8211; Holi"},"content":{"rendered":"<p data-removefontsize=\"true\" data-originalcomputedfontsize=\"16\">Termo posuda za hranu od nehr\u0111aju\u010deg \u010delika mo\u017ee zadr\u017eati hranu toplom ili hladnom do 8 sati zahvaljuju\u0107i dvostrukoj nepropusnoj izolaciji. Lagana, prakti\u010dna i sigurna. Ima dvostruki sustav zatvaranja &#8211; prvi manji poklopac napravljen od silikona sprje\u010dava istjecanje teku\u0107ine, dok se vanjski poklopac (ve\u0107i) mo\u017ee koristiti kao zdjelica za hranjenje djeteta. Termalna posuda ima i torbicu, pa ju mo\u017eete ponijeti i na putovanje.<\/p>\n<ul>\n<li data-removefontsize=\"true\" data-originalcomputedfontsize=\"16\">Pogodno za kori\u0161tenje od ro\u0111enja<\/li>\n<li data-removefontsize=\"true\" data-originalcomputedfontsize=\"16\">Mo\u017ee zadr\u017eati hranu toplu ili hladnu do 8 sati<\/li>\n<li data-removefontsize=\"true\" data-originalcomputedfontsize=\"16\">\u0160iroki poklopac osigurava hermeti\u010dko zatvaranje zahvaljuju\u0107i nepropusnim materijalima koji ne dopu\u0161taju promjene okusa hrane<\/li>\n<li data-removefontsize=\"true\" data-originalcomputedfontsize=\"16\">Na sredini poklopca nalazi se gumb. Pritisnite ovu tipku kako biste izvukli kondenzirani zrak prije otvaranja poklopca &#8211; to olak\u0161ava otvaranje<\/li>\n<li data-removefontsize=\"true\" data-originalcomputedfontsize=\"16\">Vanjski je poklopac ve\u0107i, pa se mo\u017ee koristiti kao posuda za hranjenje<\/li>\n<li data-removefontsize=\"true\" data-originalcomputedfontsize=\"16\">Ima dvostruki sustav zatvaranja<\/li>\n<li data-removefontsize=\"true\" data-originalcomputedfontsize=\"16\">Lagana, prakti\u010dna i sigurna<\/li>\n<li>Kapacitet: 550 ml<\/li>\n<li data-removefontsize=\"true\" data-originalcomputedfontsize=\"16\">Uklju\u010duje torbicu s ru\u010dkom &#8211; idealno za upotrebu kod ku\u0107e ili na putovanjima<\/li>\n<\/ul>\n","protected":false},"excerpt":{"rendered":"<p>Termo posuda za hranu od nehr\u0111aju\u0107eg \u010delika mo\u017ee zadr\u017eati hranu toplom ili hladnom do 8 sati zahvaljuju\u0107i dvostrukoj nepropusnoj izolaciji. Termalna posuda ima i torbicu, pa ju mo\u017eete ponijeti i na putovanje.<\/p>\n","protected":false},"featured_media":215,"comment_status":"closed","ping_status":"closed","template":"","meta":[],"_links":{"self":[{"href":"https:\/\/wp-test.cro-digital.com\/index.php?rest_route=\/wp\/v2\/product\/114"}],"collection":[{"href":"https:\/\/wp-test.cro-digital.com\/index.php?rest_route=\/wp\/v2\/product"}],"about":[{"href":"https:\/\/wp-test.cro-digital.com\/index.php?rest_route=\/wp\/v2\/types\/product"}],"replies":[{"embeddable":true,"href":"https:\/\/wp-test.cro-digital.com\/index.php?rest_route=%2Fwp%2Fv2%2Fcomments&post=114"}],"wp:featuredmedia":[{"embeddable":true,"href":"https:\/\/wp-test.cro-digital.com\/index.php?rest_route=\/wp\/v2\/media\/215"}],"wp:attachment":[{"href":"https:\/\/wp-test.cro-digital.com\/index.php?rest_route=%2Fwp%2Fv2%2Fmedia&parent=114"}],"curies":[{"name":"wp","href":"https:\/\/api.w.org\/{rel}","templated":true}]}}