{"id":1149,"date":"2020-11-03T18:43:51","date_gmt":"2020-11-03T17:43:51","guid":{"rendered":"https:\/\/wp-test.cro-digital.com\/?product=import-placeholder-for-35104"},"modified":"2020-11-03T18:47:09","modified_gmt":"2020-11-03T17:47:09","slug":"jane-flappy-4u1-podloga-za-kolica-aquarel-blue","status":"publish","type":"product","link":"https:\/\/wp-test.cro-digital.com\/?product=jane-flappy-4u1-podloga-za-kolica-aquarel-blue","title":{"rendered":"Jane Flappy 4u1 podloga za kolica &#8211; Aquarel Blue"},"content":{"rendered":"<p><strong>Flappy je prekrasna univerzalna podloga koju mo\u017eete koristiti tijekom cijele godine i to na 4 razli\u010dita na\u010dina!<\/strong> <strong>Prozra\u010dna podloga pobrinut \u0107e se za udobnost va\u0161eg mali\u0161ana u kolicima, ko\u0161ari, le\u017ealjci i u hranilici.<\/strong> Univerzalna podloga za dje\u010dja kolica ima otvore prilago\u0111ene sustavu vezanja u pet to\u010daka i prilagodljiva je ve\u0107ini kolica na tr\u017ei\u0161tu. S pomo\u0107u univerzalne podloge Jane Flappy vrlo jednostavno \u0107ete dati novi \u017eivot starim kolicima, kao i ostaloj dje\u010djoj opremi u svom ku\u0107anstvu. Primjerena je za sva godi\u0161nja doba jer ima &#8220;ljetnu stranu&#8221; napravljenu od prozra\u010dne pamu\u010dne tkanine, koja je jednostavna za \u010di\u0161\u0107enje i &#8220;zimsku stranu&#8221; s flisom koji \u0107e grijati va\u0161eg mali\u0161ana tijekom hladnijih dana u godini.<\/p>\n<ul>\n<li>4u1 univerzalna podloga s dva lica (ljetna i zimska strana) <strong>koja \u0107e posebno biti od koristi u ljetnim mjesecima.<\/strong><\/li>\n<li>Namijenjena je za kori\u0161tenje u kolicima, ko\u0161ari, le\u017ealjci, pa \u010dak i u hranilici.<\/li>\n<li>Prozra\u010dna podloga &#8211; mekana pamu\u010dna tkanina s flis tkaninom na pole\u0111ini.<\/li>\n<li>Postavite podlogu u kolica ili u ko\u0161aru kako bi va\u0161em mali\u0161anu bilo jo\u0161 udobnije tijekom va\u0161ih \u0161etnji.<\/li>\n<li>Odmor i igranje bez vru\u0107ine i znojenja &#8211; podlogu mo\u017eete postaviti u le\u017ealjku kako bi va\u0161oj bebi bilo ugodno u najtoplijim mjesecima.<\/li>\n<li>Udobnost za vrijeme obroka &#8211; Flappy se mo\u017ee postaviti na hranilicu va\u0161eg djeteta kako mu ne bi bilo vru\u0107e, a i kako se presvlake ne bi zaprljale.<\/li>\n<li>Jednostavno postavljanje &#8211; sadr\u017ei otvore kroz koje se provla\u010de pojasevi (sustav vezanja u 5 to\u010daka).<\/li>\n<li>Perite ju u perilici na 30\u00b0 bez centrifuge kako bi tkanina ostala jednako kvalitetna kao i prvog dana.<\/li>\n<li>Materijal: pamuk<\/li>\n<li>Dimenzije: 49 x 73 cm<\/li>\n<\/ul>\n","protected":false},"excerpt":{"rendered":"<p>Flappy je prekrasna univerzalna podloga koju mo\u017eete koristiti tijekom cijele godine i to na 4 razli\u010dita na\u010dina! Prozra\u010dna podloga pobrinut \u0107e se za udobnost va\u0161eg mali\u0161ana u kolicima, ko\u0161ari, le\u017ealjci i u hranilici.<\/p>\n","protected":false},"featured_media":1284,"comment_status":"closed","ping_status":"closed","template":"","meta":[],"_links":{"self":[{"href":"https:\/\/wp-test.cro-digital.com\/index.php?rest_route=\/wp\/v2\/product\/1149"}],"collection":[{"href":"https:\/\/wp-test.cro-digital.com\/index.php?rest_route=\/wp\/v2\/product"}],"about":[{"href":"https:\/\/wp-test.cro-digital.com\/index.php?rest_route=\/wp\/v2\/types\/product"}],"replies":[{"embeddable":true,"href":"https:\/\/wp-test.cro-digital.com\/index.php?rest_route=%2Fwp%2Fv2%2Fcomments&post=1149"}],"wp:featuredmedia":[{"embeddable":true,"href":"https:\/\/wp-test.cro-digital.com\/index.php?rest_route=\/wp\/v2\/media\/1284"}],"wp:attachment":[{"href":"https:\/\/wp-test.cro-digital.com\/index.php?rest_route=%2Fwp%2Fv2%2Fmedia&parent=1149"}],"curies":[{"name":"wp","href":"https:\/\/api.w.org\/{rel}","templated":true}]}}