{"id":115,"date":"2020-11-03T18:20:25","date_gmt":"2020-11-03T17:20:25","guid":{"rendered":"https:\/\/wp-test.cro-digital.com\/?product=import-placeholder-for-15885"},"modified":"2020-11-03T18:22:47","modified_gmt":"2020-11-03T17:22:47","slug":"jane-cetka-za-pranje-bocica-i-duda","status":"publish","type":"product","link":"https:\/\/wp-test.cro-digital.com\/?product=jane-cetka-za-pranje-bocica-i-duda","title":{"rendered":"Jan\u00e9 \u010detka za pranje bo\u010dica i duda"},"content":{"rendered":"<p class=\"p1\"><span class=\"s1\">Plasti\u010dna \u010detka za pranje bo\u010dica i duda s mekom spu\u017evicom i izdr\u017eljivim i \u010dvrstim najlonskim \u010dekinjama koje su nje\u017ene za bo\u010dicu i bez problema uklanjaju mrlje. Zahvaljuju\u0107i fleksibilnom vratu \u010detke jednostavno \u0107ete dohvatiti i o\u010distiti svaki dio bez problema, a za pranje duda i ostalih sitnih dodataka za hranjenje tu je mala mekana \u010detkica koja se skriva unutar dr\u0161ke velike \u010detke.<\/span><\/p>\n<ul>\n<li>\u010cetka za temeljito pranje bo\u010dica i duda<\/li>\n<li><span class=\"s1\">Sadr\u017ei fleksibilan vrat kako bi lak\u0161e dohvatila te\u0161ko dostupna mjesta<\/span><\/li>\n<li><span class=\"s1\">Izra\u0111ena od izdr\u017eljivih najlonskih \u010dekinja<\/span><\/li>\n<li>Dvostruki dizajn &#8211; mala i velika \u010detka<\/li>\n<li>100 % siguran proizvod: bez BPA<\/li>\n<li>Dimenzije proizvoda: 25 x 4,5 cm<\/li>\n<\/ul>\n","protected":false},"excerpt":{"rendered":"<p><span class=\"s1\">Plasti\u010dna \u010detka za pranje bo\u010dica i duda s mekom spu\u017evicom i izdr\u017eljivim i \u010dvrstim najlonskim \u010dekinjama koje su nje\u017ene za bo\u010dicu i bez problema uklanjaju mrlje.<\/span><\/p>\n","protected":false},"featured_media":217,"comment_status":"closed","ping_status":"closed","template":"","meta":[],"_links":{"self":[{"href":"https:\/\/wp-test.cro-digital.com\/index.php?rest_route=\/wp\/v2\/product\/115"}],"collection":[{"href":"https:\/\/wp-test.cro-digital.com\/index.php?rest_route=\/wp\/v2\/product"}],"about":[{"href":"https:\/\/wp-test.cro-digital.com\/index.php?rest_route=\/wp\/v2\/types\/product"}],"replies":[{"embeddable":true,"href":"https:\/\/wp-test.cro-digital.com\/index.php?rest_route=%2Fwp%2Fv2%2Fcomments&post=115"}],"wp:featuredmedia":[{"embeddable":true,"href":"https:\/\/wp-test.cro-digital.com\/index.php?rest_route=\/wp\/v2\/media\/217"}],"wp:attachment":[{"href":"https:\/\/wp-test.cro-digital.com\/index.php?rest_route=%2Fwp%2Fv2%2Fmedia&parent=115"}],"curies":[{"name":"wp","href":"https:\/\/api.w.org\/{rel}","templated":true}]}}