{"id":116,"date":"2020-11-03T18:20:25","date_gmt":"2020-11-03T17:20:25","guid":{"rendered":"https:\/\/wp-test.cro-digital.com\/?product=import-placeholder-for-15887"},"modified":"2020-11-03T18:23:03","modified_gmt":"2020-11-03T17:23:03","slug":"jane-muzicka-kahlica-3u1","status":"publish","type":"product","link":"https:\/\/wp-test.cro-digital.com\/?product=jane-muzicka-kahlica-3u1","title":{"rendered":"Jan\u00e9 muzi\u010dka kahlica 3u1"},"content":{"rendered":"<p>Jan\u00e9 glazbena kahlica s poklopcem <strong>mo\u017ee se koristiti kao kahlica, mekani adapter za WC s ru\u010dkama ili kao plasti\u010dna stepenica.<\/strong> Ona ima senzor za teku\u0107inu koji aktivira glazbu kada je dijete pravilno koristi. To \u010dini glazbenu kahlicu zabavnim proizvodom koji \u0107e u\u010diti va\u0161e dijete pravilnoj primjeni kahlice, a kasnije i toaleta. Zahvaljuju\u0107i trima dijelovima visokokvalitetna kahlica rast \u0107e s va\u0161im djetetom od pelena, pa sve dok ono samostalno ne odlu\u010di koristiti toalet kao i odrasli.<\/p>\n<ul>\n<li>Namijenjeno za kori\u0161tenje od 18+ mjeseci<\/li>\n<li>Kahlica koja raste s va\u0161im djetetom<\/li>\n<li>3u1: kahlica, mekani adapter za WC s ru\u010dkama i plasti\u010dna stepenica<\/li>\n<li>Prakti\u010dna, higijenska, lako se \u010disti<\/li>\n<li>Vrlo udobna za bebu: ergonomski oblikovana i podstavljena<\/li>\n<li>Podignut adapter za wc &#8211; posebno dizajniran za male dje\u010dake, kako bi sprije\u010dio da posvuda prskaju!<\/li>\n<li>Plasti\u010dna stepenica poma\u017ee djetetu do\u0107i do toaleta ili do umivaonika kako bi opralo ruke<\/li>\n<li>Plasti\u010dna stepenica sadr\u017ei gumenu podlogu koja \u0107e \u0161tititi od proklizavanja<\/li>\n<li>Senzor za teku\u0107inu koji aktivira glazbu prilikom pravilnog kori\u0161tenja<\/li>\n<li>Visokokvalitetni proizvod sa zaobljenim uglovima, izra\u0111en od vrhunskih materijala<\/li>\n<li>Dimenzije: 30 x 30 x 21 cm<\/li>\n<\/ul>\n","protected":false},"excerpt":{"rendered":"<p>Glazbena kahlica zabavni je proizvod koji \u0107e u\u010diti va\u0161e dijete pravilnoj primjeni kahlice, a kasnije i toaleta. Mo\u017ee se koristiti kao kahlica, mekani adapter za WC s ru\u010dkama ili kao plasti\u010dna stepenica.<\/p>\n","protected":false},"featured_media":227,"comment_status":"closed","ping_status":"closed","template":"","meta":[],"_links":{"self":[{"href":"https:\/\/wp-test.cro-digital.com\/index.php?rest_route=\/wp\/v2\/product\/116"}],"collection":[{"href":"https:\/\/wp-test.cro-digital.com\/index.php?rest_route=\/wp\/v2\/product"}],"about":[{"href":"https:\/\/wp-test.cro-digital.com\/index.php?rest_route=\/wp\/v2\/types\/product"}],"replies":[{"embeddable":true,"href":"https:\/\/wp-test.cro-digital.com\/index.php?rest_route=%2Fwp%2Fv2%2Fcomments&post=116"}],"wp:featuredmedia":[{"embeddable":true,"href":"https:\/\/wp-test.cro-digital.com\/index.php?rest_route=\/wp\/v2\/media\/227"}],"wp:attachment":[{"href":"https:\/\/wp-test.cro-digital.com\/index.php?rest_route=%2Fwp%2Fv2%2Fmedia&parent=116"}],"curies":[{"name":"wp","href":"https:\/\/api.w.org\/{rel}","templated":true}]}}