{"id":1160,"date":"2020-11-03T18:44:19","date_gmt":"2020-11-03T17:44:19","guid":{"rendered":"https:\/\/wp-test.cro-digital.com\/?product=import-placeholder-for-35117"},"modified":"2020-11-03T18:47:19","modified_gmt":"2020-11-03T17:47:19","slug":"jane-prozracna-podloga-za-kolica-bronze-star","status":"publish","type":"product","link":"https:\/\/wp-test.cro-digital.com\/?product=jane-prozracna-podloga-za-kolica-bronze-star","title":{"rendered":"Jane prozra\u010dna podloga za kolica &#8211; Bronze Star"},"content":{"rendered":"<p>Darujte svojim kolicima novi izgled s prekrasnom Jane prozra\u010dnom podlogom za kolica. Univerzalna podloga za dje\u010dja kolica napravljena od prozra\u010dnog materijala, spacijalno dizajniranog za najtoplije mjesece u godini. Sadr\u017ei otvore prilago\u0111ene sustavu vezanja u pet to\u010daka i prilagodljiva je ve\u0107ini kolica na tr\u017ei\u0161tu.<\/p>\n<ul>\n<li>Univerzalna podloga za dje\u010dja kolica<\/li>\n<li>Posebno dizajnirana za ljetne dane &#8211; prozra\u010dan i ugodan materijal<\/li>\n<li>Prekrasan i moderan dizajn<\/li>\n<li>Uklju\u010duje trake za pri\u010dvr\u0161\u0107ivanje podloge za kolica<\/li>\n<li>Sadr\u017ei otvore prilago\u0111ene sustavu vezanja u pet to\u010daka<\/li>\n<li>Materijal: poliester<\/li>\n<li>Dimenzije proizvoda: 85 x 33 cm<\/li>\n<\/ul>\n","protected":false},"excerpt":{"rendered":"<p>Darujte svojim kolicima novi izgled s prekrasnom Jane prozra\u010dnom podlogom za kolica.<\/p>\n","protected":false},"featured_media":1290,"comment_status":"closed","ping_status":"closed","template":"","meta":[],"_links":{"self":[{"href":"https:\/\/wp-test.cro-digital.com\/index.php?rest_route=\/wp\/v2\/product\/1160"}],"collection":[{"href":"https:\/\/wp-test.cro-digital.com\/index.php?rest_route=\/wp\/v2\/product"}],"about":[{"href":"https:\/\/wp-test.cro-digital.com\/index.php?rest_route=\/wp\/v2\/types\/product"}],"replies":[{"embeddable":true,"href":"https:\/\/wp-test.cro-digital.com\/index.php?rest_route=%2Fwp%2Fv2%2Fcomments&post=1160"}],"wp:featuredmedia":[{"embeddable":true,"href":"https:\/\/wp-test.cro-digital.com\/index.php?rest_route=\/wp\/v2\/media\/1290"}],"wp:attachment":[{"href":"https:\/\/wp-test.cro-digital.com\/index.php?rest_route=%2Fwp%2Fv2%2Fmedia&parent=1160"}],"curies":[{"name":"wp","href":"https:\/\/api.w.org\/{rel}","templated":true}]}}