{"id":1177,"date":"2020-11-03T18:44:50","date_gmt":"2020-11-03T17:44:50","guid":{"rendered":"https:\/\/wp-test.cro-digital.com\/?product=import-placeholder-for-35171"},"modified":"2020-11-03T18:47:50","modified_gmt":"2020-11-03T17:47:50","slug":"jane-termo-boca-color-rain","status":"publish","type":"product","link":"https:\/\/wp-test.cro-digital.com\/?product=jane-termo-boca-color-rain","title":{"rendered":"Jane termo boca &#8211; Color Rain"},"content":{"rendered":"<p>Termo boca unikatnog i vrlo privla\u010dnog dizajna izra\u017eena od ekolo\u0161ki prihvatljivog nehr\u0111aju\u0107eg \u010delika. Jednostavna, prakti\u010dna i laka za no\u0161enje! To ju \u010dini savr\u0161enom suputnicom na putovanjima. \u010celik je jako izdr\u017eljiv i ne mo\u017ee se slomiti, te \u0107e odr\u017eati va\u0161 omiljeni napitak toplim do 12 sati ili hladnim \u010dak 24 sata.<\/p>\n<ul>\n<li>Termo boca za teku\u0107inu od nehr\u0111aju\u0107eg \u010delika<\/li>\n<li>Otporna na udarce &#8211; ne mo\u017ee se slomiti<\/li>\n<li><strong>Odr\u017eava temperaturu teku\u0107ine toplom 12 sati ili hladnom 24 sata.<\/strong><\/li>\n<li>Idealna za putovanja<\/li>\n<li>Dolazi u prekrasnom eko pakiranju, koji ju \u010dini idealnom za poklon.<\/li>\n<li><b>Materijal: <\/b>nehr\u0111aju\u0107i \u010delik<\/li>\n<li><strong>Veli\u010dina:<\/strong> 350 i 500 ml<\/li>\n<li><b>Odr\u017eavanje:<\/b> ru\u010dno pranje<\/li>\n<li><b>Napomena:<\/b> nije namijenjena za kori\u0161tenje u mikrovalnoj pe\u0107nici<\/li>\n<\/ul>\n","protected":false},"excerpt":{"rendered":"<p>Termo boca unikatnog i vrlo privla\u010dnog dizajna izra\u0111ena od ekolo\u0161ki prihvatljivog nehr\u0111aju\u0107eg \u010delika. Dolazi u prekrasnom eko pakiranju, koji ju \u010dini idealnom za poklon.<\/p>\n","protected":false},"featured_media":1306,"comment_status":"closed","ping_status":"closed","template":"","meta":[],"_links":{"self":[{"href":"https:\/\/wp-test.cro-digital.com\/index.php?rest_route=\/wp\/v2\/product\/1177"}],"collection":[{"href":"https:\/\/wp-test.cro-digital.com\/index.php?rest_route=\/wp\/v2\/product"}],"about":[{"href":"https:\/\/wp-test.cro-digital.com\/index.php?rest_route=\/wp\/v2\/types\/product"}],"replies":[{"embeddable":true,"href":"https:\/\/wp-test.cro-digital.com\/index.php?rest_route=%2Fwp%2Fv2%2Fcomments&post=1177"}],"wp:featuredmedia":[{"embeddable":true,"href":"https:\/\/wp-test.cro-digital.com\/index.php?rest_route=\/wp\/v2\/media\/1306"}],"wp:attachment":[{"href":"https:\/\/wp-test.cro-digital.com\/index.php?rest_route=%2Fwp%2Fv2%2Fmedia&parent=1177"}],"curies":[{"name":"wp","href":"https:\/\/api.w.org\/{rel}","templated":true}]}}