{"id":118,"date":"2020-11-03T18:20:26","date_gmt":"2020-11-03T17:20:26","guid":{"rendered":"https:\/\/wp-test.cro-digital.com\/?product=import-placeholder-for-15901"},"modified":"2020-11-03T18:23:12","modified_gmt":"2020-11-03T17:23:12","slug":"jane-ogradica-za-krevet-130x55-holi","status":"publish","type":"product","link":"https:\/\/wp-test.cro-digital.com\/?product=jane-ogradica-za-krevet-130x55-holi","title":{"rendered":"Jane ogradica za krevet 130&#215;55 &#8211; Holi"},"content":{"rendered":"<p>Spavanjem u kolijevci bebe su naviknute okretati se, stoga im je potrebno neko vrijeme da se naviknu da isto ne vrijedi za krevet. Kao pomo\u0107 kod tog velikog prijelaza osmi\u0161ljena je Jane sklopiva ogradica koja \u0107e sprije\u010diti dijete da padne iz kreveta.<\/p>\n<ul>\n<li>Pogodno za djecu od 18 mjeseci do 5 godina starosti<\/li>\n<li>Sigurna i visoka ogradica &#8211; sprje\u010dava dijete da ska\u010de ili pada iz kreveta<\/li>\n<li>Dizajnirana za madrac minimalne veli\u010dine 90 x 190 cm<\/li>\n<li>Sklopiva &#8211; uklju\u0107uje torbu za lak\u0161i prijenos ogradice<\/li>\n<li>Meka i mre\u017easta plo\u010da mo\u017ee se jednostavno preklopiti kako bi se omogu\u0107ila lak pristup djeteta u krevet<\/li>\n<li>Montira se pomo\u0107u \u017eeljeznog okvira koji se ume\u0107e izme\u0111u madraca i podnice kreveta, ne o\u0161te\u0107uju\u0107i krevet<\/li>\n<li>Atraktivan dizajn za zabavu va\u0161eg djeteta<\/li>\n<li>Dimenzije sklopljene ogradice: 70 x 16 x 7 cm<\/li>\n<li>Periva navlaka na 30\u00ba bez centrifuge<\/li>\n<li>Dimenzije: 130 x 55 cm<\/li>\n<\/ul>\n","protected":false},"excerpt":{"rendered":"<p>Kao pomo\u0107 kod tog velikog prijelaza iz kolijevke u krevet osmi\u0161ljena je Jane sklopiva ogradica koja \u0107e sprije\u010diti dijete da padne iz kreveta.<\/p>\n","protected":false},"featured_media":237,"comment_status":"closed","ping_status":"closed","template":"","meta":[],"_links":{"self":[{"href":"https:\/\/wp-test.cro-digital.com\/index.php?rest_route=\/wp\/v2\/product\/118"}],"collection":[{"href":"https:\/\/wp-test.cro-digital.com\/index.php?rest_route=\/wp\/v2\/product"}],"about":[{"href":"https:\/\/wp-test.cro-digital.com\/index.php?rest_route=\/wp\/v2\/types\/product"}],"replies":[{"embeddable":true,"href":"https:\/\/wp-test.cro-digital.com\/index.php?rest_route=%2Fwp%2Fv2%2Fcomments&post=118"}],"wp:featuredmedia":[{"embeddable":true,"href":"https:\/\/wp-test.cro-digital.com\/index.php?rest_route=\/wp\/v2\/media\/237"}],"wp:attachment":[{"href":"https:\/\/wp-test.cro-digital.com\/index.php?rest_route=%2Fwp%2Fv2%2Fmedia&parent=118"}],"curies":[{"name":"wp","href":"https:\/\/api.w.org\/{rel}","templated":true}]}}