{"id":1225,"date":"2020-11-03T18:45:47","date_gmt":"2020-11-03T17:45:47","guid":{"rendered":"https:\/\/wp-test.cro-digital.com\/?product=import-placeholder-for-35192"},"modified":"2020-11-03T18:47:42","modified_gmt":"2020-11-03T17:47:42","slug":"jane-zvecka-boho-pink","status":"publish","type":"product","link":"https:\/\/wp-test.cro-digital.com\/?product=jane-zvecka-boho-pink","title":{"rendered":"Jane zve\u010dka &#8211; Boho Pink"},"content":{"rendered":"<p>Za igranje u bilo kojem trenutku! Zabavna zve\u010dka u ugodnim nje\u017enim tonovima za zabavu i umirivanje va\u0161e bebe.<\/p>\n<ul>\n<li>Pogodno za kori\u0161tenje od ro\u0111enja.<\/li>\n<li>Veli\u010dina ru\u010dkice na zve\u010dki odgovara bebinoj ru\u010dici.<\/li>\n<li>Izuzetno lagana kako bi se beba s njom mogla sama zveckati.<\/li>\n<li>Zvuk zveckanja stimulira bebin sluh i znati\u017eelju<\/li>\n<li>Ekolo\u0161ki prihvatljiv materijal, otporan na visoke temperature, netoksi\u010dna igra\u010dka za dojen\u010dad bez mirisa.<\/li>\n<li>Mo\u017ee se sterilizirati u vru\u0107oj vodi na 100 \u2103.<\/li>\n<li>100% siguran proizvod &#8211; ne sadr\u017ei BPA, pvc, folfate, olovo<\/li>\n<li>Dimenzije: 14 x 11 cm<\/li>\n<\/ul>\n","protected":false},"excerpt":{"rendered":"<p>Za igranje u bilo kojem trenutku! Zabavna zve\u010dka u ugodnim nje\u017enim tonovima za zabavu i umirivanje va\u0161e bebe<\/p>\n","protected":false},"featured_media":1311,"comment_status":"closed","ping_status":"closed","template":"","meta":[],"_links":{"self":[{"href":"https:\/\/wp-test.cro-digital.com\/index.php?rest_route=\/wp\/v2\/product\/1225"}],"collection":[{"href":"https:\/\/wp-test.cro-digital.com\/index.php?rest_route=\/wp\/v2\/product"}],"about":[{"href":"https:\/\/wp-test.cro-digital.com\/index.php?rest_route=\/wp\/v2\/types\/product"}],"replies":[{"embeddable":true,"href":"https:\/\/wp-test.cro-digital.com\/index.php?rest_route=%2Fwp%2Fv2%2Fcomments&post=1225"}],"wp:featuredmedia":[{"embeddable":true,"href":"https:\/\/wp-test.cro-digital.com\/index.php?rest_route=\/wp\/v2\/media\/1311"}],"wp:attachment":[{"href":"https:\/\/wp-test.cro-digital.com\/index.php?rest_route=%2Fwp%2Fv2%2Fmedia&parent=1225"}],"curies":[{"name":"wp","href":"https:\/\/api.w.org\/{rel}","templated":true}]}}