{"id":1246,"date":"2020-11-03T18:46:13","date_gmt":"2020-11-03T17:46:13","guid":{"rendered":"https:\/\/wp-test.cro-digital.com\/?product=import-placeholder-for-35238"},"modified":"2020-11-03T18:48:02","modified_gmt":"2020-11-03T17:48:02","slug":"jane-drive-9-36-kg-jet-black","status":"publish","type":"product","link":"https:\/\/wp-test.cro-digital.com\/?product=jane-drive-9-36-kg-jet-black","title":{"rendered":"Jane Drive 9-36 kg &#8211; Jet Black"},"content":{"rendered":"<p>S obzirom da na\u0161i najmla\u0111i neprestano rastu, vrlo brzo prerastaju svoje stvari, pa tako i autosjedalice. S autosjedalicom Jan\u00e9 Drive iSize i njenim podesivim naslonom za glavu to\u010dno \u0107ete znati kada je pravo vrijeme za prelazak na sljede\u0107u dobnu razinu &#8211; namijenjena je djeci od 75 do 105 cm (od cca 15 mjeseci starosti sve do 12 godina).<\/p>\n<p>U po\u010detku sjedalicu treba koristiti s umetkom i sigurnosnim pojasom u 5 to\u010daka za pri\u010dvr\u0161\u0107ivanje djeteta. Prije nego \u0161to sjedalica postane tijesna, naslon sjedalice podi\u017ee se na vi\u0161u razinu, te se koristi sigurnosni pojas u 3 to\u010dke i po potrebi isofix (koji se kupuje zasebno).<\/p>\n<p>Jan\u00e9 Drive posebno je dizajniran kako bi pratio rast va\u0161eg djeteta, s pobolj\u0161anim sigurnosnim zna\u010dajkama, sustavom za izbjegavanje instalacijskih pogre\u0161aka i visokokvalitetnim materijalima za apsorpciju udaraca, kako bi Va\u0161em mali\u0161anu omogu\u0107io sigurno putovanje.<\/p>\n<p><img loading=\"lazy\" class=\"aligncenter size-full wp-image-35241\" src=\"https:\/\/www.all4kids.com.hr\/wp-content\/uploads\/2020\/06\/drivestages-scaled.jpg\" alt=\"\" width=\"1920\" height=\"823\" \/><\/p>\n<ul>\n<li>Autosjedalica s najnovijim iSize sigurnosnim zna\u010dajkama.<\/li>\n<li>Maksimalna za\u0161tita i udobnost za va\u0161e dijete (Grupa 1-2-3) od 75 do 150 cm visine; odnosno od 9 do 36 kg te\u017eine<\/li>\n<li>U skladu s i-Size regulativom ECE R129<\/li>\n<li>Drive autosjedalica dizajnirana je kako bi se prilagodila svakoj fazi rasta djeteta, odnosno da raste s djetetom.<\/li>\n<li><strong>Za djecu od 75 do 105 cm visine<\/strong> &#8211; monta\u017ea s Isofix konektorima i sidrom protiv rotacije. Dijete se ve\u017ee integriranim sigurnosnim pojasom u 5 to\u010daka.<\/li>\n<li><strong>Za djecu od 100 do 150 cm visine <\/strong>&#8211; Dijete je \u010dvrsto vezano sigurnosnim pojasom automobila u 3 to\u010dke, a autosjedalica se montira pomo\u0107u isofix konektora.<\/li>\n<li>Podesiva visina naslona za glavu &#8211; kako bi se dijete bolje za\u0161titilo u slu\u010daju bo\u010dnog udara, jer bolje podupire glavu.<\/li>\n<li>Podesivi naslon u 3 polo\u017eaja.<\/li>\n<li>Uklju\u010duje umetak (jastu\u010di\u0107) za ve\u0107u udobnost.<\/li>\n<li>Oblo\u017eena materijalima koji apsorbiraju silinu udarca.<\/li>\n<li>Ugra\u0111en signalni sustav za izbjegavanje instalacijskih pogre\u0161aka.<\/li>\n<li>Podesivi sigurnosni remen\u010di\u0107i u 5 to\u010daka koji se sinkronizirano pode\u0161avaju jednim potezom.<\/li>\n<li>Specijalni tekstil otporan na habanje, vodu te ostale teku\u0107ine i mrlje<\/li>\n<li>Unutarnja tkanina na kojoj dijete sjedi izra\u0111ena je od prozra\u010dnih materijala koji omogu\u0107uju ko\u017ei da di\u0161e<\/li>\n<li>Uklonjive i perive navlake<\/li>\n<li>Dimenzije: 83 x 44 x 56 cm<\/li>\n<li>Te\u017eina: 12,2 kg<\/li>\n<\/ul>\n<table class=\" aligncenter\">\n<tbody>\n<tr>\n<td><strong>\u00a0<\/strong><\/p>\n<p><strong>Grupa<\/strong><\/p>\n<p>&nbsp;<\/td>\n<td><\/td>\n<td><\/td>\n<td><\/td>\n<td><strong>Sistem vezanja<\/strong><\/td>\n<td><strong>Na\u010din monta\u017ee<\/strong><\/td>\n<td><strong>Kategorija<\/strong><\/td>\n<\/tr>\n<tr>\n<td>&nbsp;<\/p>\n<p>1<\/td>\n<td>&nbsp;<\/p>\n<p>9-18kg<\/td>\n<td>75 &#8211; 105 cm<\/p>\n<p>15 months &#8211; 4 years<\/td>\n<td>&nbsp;<\/p>\n<p>U smjeru vo\u017enje<\/td>\n<td>&nbsp;<\/p>\n<p>U 5 to\u010daka<\/td>\n<td>Isofix + Sidro<\/td>\n<td>i-size<\/td>\n<\/tr>\n<tr>\n<td>&nbsp;<\/p>\n<p>2<\/p>\n<p>&nbsp;<\/td>\n<td>&nbsp;<\/p>\n<p>15-25kg<\/td>\n<td>&nbsp;<\/p>\n<p>100 &#8211; 125 cm<\/p>\n<p>3 &#8211; 6 years<\/td>\n<td>&nbsp;<\/p>\n<p>U smjeru vo\u017enje<\/td>\n<td>&nbsp;<\/p>\n<p>U 3<\/p>\n<p>to\u010dke<\/td>\n<td>Sigurnosni pojas u 3 to\u010dke + Isofix konektori (bez sidra)<\/td>\n<td>i-size<\/td>\n<\/tr>\n<tr>\n<td>&nbsp;<\/p>\n<p>2<\/td>\n<td>&nbsp;<\/p>\n<p>15-25kg<\/td>\n<td>&nbsp;<\/p>\n<p>100 &#8211; 125 cm<\/p>\n<p>3 &#8211; 6 years<\/td>\n<td>&nbsp;<\/p>\n<p>U smjeru vo\u017enje<\/td>\n<td>&nbsp;<\/p>\n<p>U 3 to\u010dke<\/td>\n<td>Sigurnosni pojas u 3 to\u010dke + Isofix konektori + sidro<\/td>\n<td>i-size<\/td>\n<\/tr>\n<tr>\n<td>&nbsp;<\/p>\n<p>3<\/td>\n<td>&nbsp;<\/p>\n<p>22-36kg<\/td>\n<td>&nbsp;<\/p>\n<p>125 &#8211; 150 cm<\/p>\n<p>6 &#8211; 12 years<\/td>\n<td>&nbsp;<\/p>\n<p>U smjeru vo\u017enje<\/td>\n<td>&nbsp;<\/p>\n<p>U 3 to\u010dke<\/td>\n<td>Sigurnosni pojas u 3 to\u010dke + Isofix konektori + sidro<\/td>\n<td>i-size<\/td>\n<\/tr>\n<\/tbody>\n<\/table>\n<p style=\"text-align: center;\"><strong>Nagrade<\/strong><\/p>\n<p><img loading=\"lazy\" class=\"aligncenter size-full wp-image-35403\" src=\"https:\/\/www.all4kids.com.hr\/wp-content\/uploads\/2020\/06\/awardsgrand1010.jpg\" alt=\"\" width=\"1010\" height=\"158\" \/><\/p>\n","protected":false},"excerpt":{"rendered":"<p>S obzirom da na\u0161i najmla\u0111i neprestano rastu, vrlo brzo prerastaju svoje stvari, pa tako i autosjedalice. S autosjedalicom Jan\u00e9 Drive iSize i njenim podesivim naslonom za glavu to\u010dno \u0107ete znati kada je pravo vrijeme za prelazak na sljede\u0107u dobnu razinu &#8211; namijenjena je djeci od 75 do 105 cm (od cca 15 mjeseci starosti sve [&hellip;]<\/p>\n","protected":false},"featured_media":1324,"comment_status":"closed","ping_status":"closed","template":"","meta":[],"_links":{"self":[{"href":"https:\/\/wp-test.cro-digital.com\/index.php?rest_route=\/wp\/v2\/product\/1246"}],"collection":[{"href":"https:\/\/wp-test.cro-digital.com\/index.php?rest_route=\/wp\/v2\/product"}],"about":[{"href":"https:\/\/wp-test.cro-digital.com\/index.php?rest_route=\/wp\/v2\/types\/product"}],"replies":[{"embeddable":true,"href":"https:\/\/wp-test.cro-digital.com\/index.php?rest_route=%2Fwp%2Fv2%2Fcomments&post=1246"}],"wp:featuredmedia":[{"embeddable":true,"href":"https:\/\/wp-test.cro-digital.com\/index.php?rest_route=\/wp\/v2\/media\/1324"}],"wp:attachment":[{"href":"https:\/\/wp-test.cro-digital.com\/index.php?rest_route=%2Fwp%2Fv2%2Fmedia&parent=1246"}],"curies":[{"name":"wp","href":"https:\/\/api.w.org\/{rel}","templated":true}]}}