{"id":1262,"date":"2020-11-03T18:46:38","date_gmt":"2020-11-03T17:46:38","guid":{"rendered":"https:\/\/wp-test.cro-digital.com\/?product=import-placeholder-for-35344"},"modified":"2020-11-03T18:48:06","modified_gmt":"2020-11-03T17:48:06","slug":"jane-elektricni-grijac-bocice","status":"publish","type":"product","link":"https:\/\/wp-test.cro-digital.com\/?product=jane-elektricni-grijac-bocice","title":{"rendered":"Jane elektri\u010dni grija\u010d bo\u010dice"},"content":{"rendered":"<p>Grija\u010d koji zagrijava i odr\u017eava temperaturu bo\u010dica u vodenoj kupelji. Tako\u0111er sadr\u017ei spremnik pomo\u0107u kojega mo\u017eete grijati i hranu.<\/p>\n<ul>\n<li>Ultra brz, prakti\u010dan i jednostavan za kori\u0161tenje.<\/li>\n<li>Zagrijava bo\u010dicu uranjanjem u vodu. Za proces zagrijavanja dovoljno je uliti 100 ml vode.<\/li>\n<li>Pogodan za sve vrste bo\u010dica: standardne veli\u010dine i one \u0161iroke.<\/li>\n<li><strong>Sadr\u017ei spremnik za grijanje hrane s poklopcem.<\/strong><\/li>\n<li>Ravnomjerno zagrijavanje bo\u010dice i hrane.<\/li>\n<li>Mo\u017ee koristiti i za odr\u017eavanje temperature (bo\u010dice i hrane).<\/li>\n<li>LED svjetlo za obavje\u0161tavanje o procesu zagrijavanja &#8211; zeleno svjetlo ukazuje da je proces u tijeku, a crveno se pali po zavr\u0161etku.<\/li>\n<\/ul>\n","protected":false},"excerpt":{"rendered":"<p>Grija\u010d koji zagrijava i odr\u017eava temperaturu bo\u010dica u vodenoj kupelji. Tako\u0111er sadr\u017ei spremnik pomo\u0107u kojega mo\u017eete grijati i hranu.<\/p>\n","protected":false},"featured_media":1329,"comment_status":"closed","ping_status":"closed","template":"","meta":[],"_links":{"self":[{"href":"https:\/\/wp-test.cro-digital.com\/index.php?rest_route=\/wp\/v2\/product\/1262"}],"collection":[{"href":"https:\/\/wp-test.cro-digital.com\/index.php?rest_route=\/wp\/v2\/product"}],"about":[{"href":"https:\/\/wp-test.cro-digital.com\/index.php?rest_route=\/wp\/v2\/types\/product"}],"replies":[{"embeddable":true,"href":"https:\/\/wp-test.cro-digital.com\/index.php?rest_route=%2Fwp%2Fv2%2Fcomments&post=1262"}],"wp:featuredmedia":[{"embeddable":true,"href":"https:\/\/wp-test.cro-digital.com\/index.php?rest_route=\/wp\/v2\/media\/1329"}],"wp:attachment":[{"href":"https:\/\/wp-test.cro-digital.com\/index.php?rest_route=%2Fwp%2Fv2%2Fmedia&parent=1262"}],"curies":[{"name":"wp","href":"https:\/\/api.w.org\/{rel}","templated":true}]}}