{"id":1264,"date":"2020-11-03T18:46:39","date_gmt":"2020-11-03T17:46:39","guid":{"rendered":"https:\/\/wp-test.cro-digital.com\/?product=import-placeholder-for-35409"},"modified":"2020-11-03T18:48:11","modified_gmt":"2020-11-03T17:48:11","slug":"jane-okvir-za-slike-s-2-otiska","status":"publish","type":"product","link":"https:\/\/wp-test.cro-digital.com\/?product=jane-okvir-za-slike-s-2-otiska","title":{"rendered":"Jane okvir za slike s 2 otiska"},"content":{"rendered":"<p>Napravite nezaboravan suvenir s fotografijom i otiskom koji \u0107e vas zauvijek sje\u0107ati na djetetove prve mjesece. Sigurno i jednostavno sa\u010duvajte otisak ru\u010dice ili stopala. Prekrasan set uklju\u010duje naljepnice pomo\u0107u kojih na okvir mo\u017eete ispisati ime i datum ro\u0111enja va\u0161e bebe. Tako\u0111er sadr\u017ei pozadinu koja se ume\u0107e u okvire za curice i de\u010dki\u0107e u plavoj i ru\u017ei\u010dastoj boji.<\/p>\n<p><strong>Set uklju\u010duje:<\/strong> Okvir za slike s 3 utora (1 za fotografiju+ 2 za otisak), glinu za izradu otiska koja se su\u0161i na zraku, valjak za oblikovanje gline, naljepnice u obliku slova i brojki, pozadinu za okvire u plavoj i ru\u017ei\u010dastoj boji, te ljepljivu traku za postavljanje otiska u okvir.<\/p>\n<ul>\n<li>Okvir za sliku s prostorom za otisak ruke i stopala<\/li>\n<li>Odli\u010dna ideja za poklon<\/li>\n<li>Brz i jednostavan za upotrebu!! Ne treba mije\u0161ati smjesu, te nema opasnosti od prljanja. U vre\u0107ici dolazi gotova smjesa koja se su\u0161i na zraku.<\/li>\n<li>Okvir ima 3 odjeljka &#8211; jedan za fotografiju i 2 za otisak.<\/li>\n<li>Okviri su sklopivi, pa ih lako mo\u017eete pospremiti.<\/li>\n<li>Jednostavnog izgleda koji \u0107e se uklopiti u svaki prostor- napravljen od bijelog drva.<\/li>\n<li>Dimenzije svakog okvira pojedina\u010dno: 13 x 18 cm.<\/li>\n<li>Gotov materijal za izradu otiska: glina. Netoksi\u010dna, ne ostavlja mrlje, su\u0161i se na zraku. Mo\u017eete napraviti nekoliko probnih otisaka prije nego \u0161to se glina osu\u0161i.<\/li>\n<li>100% sigurno za va\u0161e dijete.<\/li>\n<li>Otisak: Jednostavan za izradu, ne treba ga pe\u0107i u pe\u0107nici, nema potrebe za drugim dodatnim materijalima.<\/li>\n<li>Su\u0161i se do 24 sata.<\/li>\n<\/ul>\n<p>&nbsp;<\/p>\n","protected":false},"excerpt":{"rendered":"<p>Napravite nezaboravan suvenir s fotografijom i otiskom koji \u0107e vas zauvijek sje\u0107ati na djetetove prve mjesece.<\/p>\n","protected":false},"featured_media":1333,"comment_status":"closed","ping_status":"closed","template":"","meta":[],"_links":{"self":[{"href":"https:\/\/wp-test.cro-digital.com\/index.php?rest_route=\/wp\/v2\/product\/1264"}],"collection":[{"href":"https:\/\/wp-test.cro-digital.com\/index.php?rest_route=\/wp\/v2\/product"}],"about":[{"href":"https:\/\/wp-test.cro-digital.com\/index.php?rest_route=\/wp\/v2\/types\/product"}],"replies":[{"embeddable":true,"href":"https:\/\/wp-test.cro-digital.com\/index.php?rest_route=%2Fwp%2Fv2%2Fcomments&post=1264"}],"wp:featuredmedia":[{"embeddable":true,"href":"https:\/\/wp-test.cro-digital.com\/index.php?rest_route=\/wp\/v2\/media\/1333"}],"wp:attachment":[{"href":"https:\/\/wp-test.cro-digital.com\/index.php?rest_route=%2Fwp%2Fv2%2Fmedia&parent=1264"}],"curies":[{"name":"wp","href":"https:\/\/api.w.org\/{rel}","templated":true}]}}