{"id":1265,"date":"2020-11-03T18:46:39","date_gmt":"2020-11-03T17:46:39","guid":{"rendered":"https:\/\/wp-test.cro-digital.com\/?product=import-placeholder-for-35576"},"modified":"2020-11-03T18:48:14","modified_gmt":"2020-11-03T17:48:14","slug":"beaba-posuda-za-tjesteninu-rizu-za-babycook","status":"publish","type":"product","link":"https:\/\/wp-test.cro-digital.com\/?product=beaba-posuda-za-tjesteninu-rizu-za-babycook","title":{"rendered":"Beaba posuda za tjesteninu\/ri\u017eu za Babycook"},"content":{"rendered":"<p>Posuda za kuhanje ri\u017ee, tjestenine, krupice i le\u0107e. Namijenjena za kori\u0161tenje s <a href=\"https:\/\/male-stvari.hr\/proizvod\/babycook-kuhalo-djecje-hrane-beaba\/\">Babycook<\/a> i Babycook Plus parnim kuhalima.<\/p>\n<ul>\n<li>Dodatak za Babycook parno kuhalo<\/li>\n<li>350g kapacitet: Idealno za kuhanje manjih koli\u010dina za dijete-<\/li>\n<li>Savr\u0161eno odgovara Babycook zdjelici<\/li>\n<li>Odr\u017eavanje: Prati ru\u010dno ili u perilici posu\u0111a<\/li>\n<\/ul>\n","protected":false},"excerpt":{"rendered":"<p>Posuda za kuhanje ri\u017ee i tjestenine koristi se uz kuhala dje\u010dje hrane <a href=\"https:\/\/male-stvari.hr\/proizvod\/babycook-kuhalo-djecje-hrane-beaba\/\">Babycook<\/a> i Babycook Plus.<\/p>\n","protected":false},"featured_media":1334,"comment_status":"closed","ping_status":"closed","template":"","meta":[],"_links":{"self":[{"href":"https:\/\/wp-test.cro-digital.com\/index.php?rest_route=\/wp\/v2\/product\/1265"}],"collection":[{"href":"https:\/\/wp-test.cro-digital.com\/index.php?rest_route=\/wp\/v2\/product"}],"about":[{"href":"https:\/\/wp-test.cro-digital.com\/index.php?rest_route=\/wp\/v2\/types\/product"}],"replies":[{"embeddable":true,"href":"https:\/\/wp-test.cro-digital.com\/index.php?rest_route=%2Fwp%2Fv2%2Fcomments&post=1265"}],"wp:featuredmedia":[{"embeddable":true,"href":"https:\/\/wp-test.cro-digital.com\/index.php?rest_route=\/wp\/v2\/media\/1334"}],"wp:attachment":[{"href":"https:\/\/wp-test.cro-digital.com\/index.php?rest_route=%2Fwp%2Fv2%2Fmedia&parent=1265"}],"curies":[{"name":"wp","href":"https:\/\/api.w.org\/{rel}","templated":true}]}}