{"id":1266,"date":"2020-11-03T18:46:39","date_gmt":"2020-11-03T17:46:39","guid":{"rendered":"https:\/\/wp-test.cro-digital.com\/?product=import-placeholder-for-36058"},"modified":"2020-11-03T18:48:22","modified_gmt":"2020-11-03T17:48:22","slug":"beaba-elektricni-nosni-aspirator","status":"publish","type":"product","link":"https:\/\/wp-test.cro-digital.com\/?product=beaba-elektricni-nosni-aspirator","title":{"rendered":"Beaba elektri\u010dni nosni aspirator"},"content":{"rendered":"<p>Beaba dje\u010dji aspirator za nos.<\/p>\n<ul>\n<li>Namijenjeno djeci od samog ro\u0111enja.<\/li>\n<li>Uklju\u010duje razli\u010dite nastavke ovisno o starosti djeteta.<\/li>\n<li>Sadr\u017ei poseban nastavak za novoro\u0111en\u010de (0 &#8211; 3 mjeseci).<\/li>\n<li>Aspiracija u nekoliko sekundi.<\/li>\n<li>Odvojiva glava za \u010di\u0161enje.<\/li>\n<li>Jednostavno \u010di\u0161\u0107enje krpicom.<\/li>\n<li>Nastavci se mogu sterilizirati.<\/li>\n<li>Uklju\u010duje torbicu za pohranu aspiratora i 2 baterije.<\/li>\n<\/ul>\n","protected":false},"excerpt":{"rendered":"<p>Beaba elektri\u010dni dje\u010dji aspirator za nos s vi\u0161e nastavaka.<\/p>\n","protected":false},"featured_media":1337,"comment_status":"closed","ping_status":"closed","template":"","meta":[],"_links":{"self":[{"href":"https:\/\/wp-test.cro-digital.com\/index.php?rest_route=\/wp\/v2\/product\/1266"}],"collection":[{"href":"https:\/\/wp-test.cro-digital.com\/index.php?rest_route=\/wp\/v2\/product"}],"about":[{"href":"https:\/\/wp-test.cro-digital.com\/index.php?rest_route=\/wp\/v2\/types\/product"}],"replies":[{"embeddable":true,"href":"https:\/\/wp-test.cro-digital.com\/index.php?rest_route=%2Fwp%2Fv2%2Fcomments&post=1266"}],"wp:featuredmedia":[{"embeddable":true,"href":"https:\/\/wp-test.cro-digital.com\/index.php?rest_route=\/wp\/v2\/media\/1337"}],"wp:attachment":[{"href":"https:\/\/wp-test.cro-digital.com\/index.php?rest_route=%2Fwp%2Fv2%2Fmedia&parent=1266"}],"curies":[{"name":"wp","href":"https:\/\/api.w.org\/{rel}","templated":true}]}}