{"id":1279,"date":"2020-11-03T18:47:04","date_gmt":"2020-11-03T17:47:04","guid":{"rendered":"https:\/\/wp-test.cro-digital.com\/?product=import-placeholder-for-36071"},"modified":"2020-11-03T18:48:26","modified_gmt":"2020-11-03T17:48:26","slug":"beaba-3u1-trening-salica-neon","status":"publish","type":"product","link":"https:\/\/wp-test.cro-digital.com\/?product=beaba-3u1-trening-salica-neon","title":{"rendered":"Beaba 3u1 trening \u0161alica &#8211; Neon"},"content":{"rendered":"<p>Beaba 3u1 \u0161alica za bebe koja prati njeno odrastanje. Duda na vrhu \u0161alice prati oblik dude na bo\u010dicama koje je dijete koristilo do sada, dok sisaljka sa Evoluclip sistemom protiv curenja poma\u017ee u prelasku sa bo\u010dice na \u010da\u0161u. Dodatak na vrhu bo\u010dice se skida, te tada bo\u010dica postaje \u0161alica<\/p>\n<ul>\n<li>Namijenjeno djeci od 4+ mjeseci<\/li>\n<li>3u1 \u0161alica &#8211; idealna za prijelazak s bo\u010dice na \u0161alice<\/li>\n<li>Ima ergonomske ru\u010dkice za \u010dvr\u0161\u0107e dr\u017eanje, koje \u0107esavr\u0161eno odgovaratimalim dje\u010djim ru\u010dicama.<\/li>\n<li>Sadr\u017ei dno sa osnovom protiv klizanja<\/li>\n<li>Obujam: 150 ml<\/li>\n<li>Pogodno za pranje u perilici<\/li>\n<li>100% siguran proizvod &#8211; bez BPA<\/li>\n<\/ul>\n","protected":false},"excerpt":{"rendered":"<p>Beaba 3u1 \u0161alica za bebe odli\u010dan je pomaga\u010d u prijelazu s bo\u010dice na \u0161alicu jer prati bebino odrastanje.<\/p>\n","protected":false},"featured_media":1343,"comment_status":"closed","ping_status":"closed","template":"","meta":[],"_links":{"self":[{"href":"https:\/\/wp-test.cro-digital.com\/index.php?rest_route=\/wp\/v2\/product\/1279"}],"collection":[{"href":"https:\/\/wp-test.cro-digital.com\/index.php?rest_route=\/wp\/v2\/product"}],"about":[{"href":"https:\/\/wp-test.cro-digital.com\/index.php?rest_route=\/wp\/v2\/types\/product"}],"replies":[{"embeddable":true,"href":"https:\/\/wp-test.cro-digital.com\/index.php?rest_route=%2Fwp%2Fv2%2Fcomments&post=1279"}],"wp:featuredmedia":[{"embeddable":true,"href":"https:\/\/wp-test.cro-digital.com\/index.php?rest_route=\/wp\/v2\/media\/1343"}],"wp:attachment":[{"href":"https:\/\/wp-test.cro-digital.com\/index.php?rest_route=%2Fwp%2Fv2%2Fmedia&parent=1279"}],"curies":[{"name":"wp","href":"https:\/\/api.w.org\/{rel}","templated":true}]}}