{"id":128,"date":"2020-11-03T18:20:49","date_gmt":"2020-11-03T17:20:49","guid":{"rendered":"https:\/\/wp-test.cro-digital.com\/?product=import-placeholder-for-15937"},"modified":"2020-11-03T18:23:18","modified_gmt":"2020-11-03T17:23:18","slug":"jane-organizator-za-sjedalo-automobila","status":"publish","type":"product","link":"https:\/\/wp-test.cro-digital.com\/?product=jane-organizator-za-sjedalo-automobila","title":{"rendered":"Jane organizator za sjedalo automobila"},"content":{"rendered":"<p>Idealno za organiziranje svih igra\u010daka i pribora za va\u0161e djetete u automobilu. Sadr\u017ei poseban pretinac za tablet sa za\u0161titom kako sunce nebi ometalo gledanje crti\u0107a. Organizator je sklopiv, sadr\u017ei ru\u010dke za prijenos, te bo\u010dne zatvara\u010de kako sadr\u017eaj iz pretinaca nebi ispao. Janeov organizator prepun je razli\u010ditih i prakti\u010dnih pretinaca za savr\u0161enu organizaciju. Za\u0161titite svoj automobil od mrlja, dosade i stalnih zaustavljanja. S Jane organizatorom zabava i organiziranost na putovanju bit \u0107e lak\u0161i nego ikad!<\/p>\n<p>Ometana vo\u017enja glavni je uzrok prometnih nesre\u0107a. Ne postoji ni\u0161ta opasnije od konstantnog okretanja prema stra\u017enjem sjedalu kako bi svojem djetetu bili na usluzi. Ovaj organizator za stra\u017enje sjedalo je jednostavan, siguran i pametan potez koji \u0107e usre\u0107iti va\u0161e dijete, a vama omogu\u0107iti konstantno uprete o\u0107i u cestu ispred sebe.<\/p>\n<ul>\n<li>Univerzalna veli\u010dina &#8211; dizajniran kako bi odgovarao svim sjedi\u0161tima i tabletima<\/li>\n<li>Poseban pretinac sa za\u0161titnom prozirnom navlakom osigurat \u0107e sigurno kori\u0161tenje iPada i tableta tako \u0161to \u0107e ga \u0161tititi od ispanjanje i masnih otisaka od prstiju<\/li>\n<li>Prijenosno &#8211; zahvaljuju\u0107i bo\u010dnim zatvara\u010dima, lako se pretvara u torbu koju mo\u017eete ponijeti po izlasku iz automobila<\/li>\n<li>Sadr\u017ei d\u017eep za pohranu maramice, igra\u010dka i ostalih predmeta koji \u0107e se pobrinuti za urednost i laku dostupnost<\/li>\n<li>Slu\u017ei kao za\u0161tita za automobilsku navlaku<\/li>\n<li>Jednostavno postavljanje<\/li>\n<li>Dimenzije proizvoda: 42 x 67 cm<\/li>\n<li>Dimenzije skolpljenog proizvoda (torbe): 42 x 35 cm<\/li>\n<\/ul>\n","protected":false},"excerpt":{"rendered":"<p>Za\u0161titite svoj automobil od mrlja, dosade i stalnih zaustavljanja. S Jane organizatorom zabava i organiziranost na putovanju bit \u0107e lak\u0161i nego ikad!<\/p>\n","protected":false},"featured_media":246,"comment_status":"closed","ping_status":"closed","template":"","meta":[],"_links":{"self":[{"href":"https:\/\/wp-test.cro-digital.com\/index.php?rest_route=\/wp\/v2\/product\/128"}],"collection":[{"href":"https:\/\/wp-test.cro-digital.com\/index.php?rest_route=\/wp\/v2\/product"}],"about":[{"href":"https:\/\/wp-test.cro-digital.com\/index.php?rest_route=\/wp\/v2\/types\/product"}],"replies":[{"embeddable":true,"href":"https:\/\/wp-test.cro-digital.com\/index.php?rest_route=%2Fwp%2Fv2%2Fcomments&post=128"}],"wp:featuredmedia":[{"embeddable":true,"href":"https:\/\/wp-test.cro-digital.com\/index.php?rest_route=\/wp\/v2\/media\/246"}],"wp:attachment":[{"href":"https:\/\/wp-test.cro-digital.com\/index.php?rest_route=%2Fwp%2Fv2%2Fmedia&parent=128"}],"curies":[{"name":"wp","href":"https:\/\/api.w.org\/{rel}","templated":true}]}}