{"id":129,"date":"2020-11-03T18:20:49","date_gmt":"2020-11-03T17:20:49","guid":{"rendered":"https:\/\/wp-test.cro-digital.com\/?product=import-placeholder-for-16080"},"modified":"2020-11-03T18:23:23","modified_gmt":"2020-11-03T17:23:23","slug":"jane-like-nosiljka-stone","status":"publish","type":"product","link":"https:\/\/wp-test.cro-digital.com\/?product=jane-like-nosiljka-stone","title":{"rendered":"Jan\u00e9 Like nosiljka &#8211; Stone"},"content":{"rendered":"<p>S Like nosiljkom u\u017eivati \u0107ete u dugim \u0161etnjama sa svojom bebom dok ona mirno spava na va\u0161im prsima ili razigrano razgledava svijet oko sebe. Ova ergonomska nosiljka prikladna je za no\u0161enje od ro\u0111enja do 3 godine starosti te se prilago\u0111ava svim fazama odrastanja. S obzirom na to da ima poseban polo\u017eaj za no\u0161enje novoro\u0111en\u010dadi \u010dak i period gr\u010deva\/kolika postati \u0107e podno\u0161ljiviji jer \u0107ete lak\u0161e mo\u0107i umiriti dijete i dr\u017eati ga blizu sebe.<\/p>\n<ul>\n<li>Nosiljka za bebe s tri razli\u010dita polo\u017eaja za no\u0161enje<\/li>\n<li>Namijenjena djeci od 3,5 do 18 kg te\u017eine<\/li>\n<li>Ergonomska, ugodna i sigurna<\/li>\n<li>Pogodna za nedono\u0161\u010dad<\/li>\n<li>Uklju\u010duje poseban polo\u017eaj za kangaroo metodu no\u0161enja u prvih nekoliko mjeseci<\/li>\n<li>Prozra\u010dan materijal<\/li>\n<li>Materijal koji se mo\u017ee prati<\/li>\n<li>Uklju\u010duje prijenosnu torbu<\/li>\n<li>Materijal: 100 % pamuk<\/li>\n<li>Dimenzije pakiranja: 22 x 11 x 26 cm<\/li>\n<\/ul>\n","protected":false},"excerpt":{"rendered":"<p>S Like nosiljkom u\u017eivati \u0107ete u dugim \u0161etnjama sa svojom bebom dok ona mirno spava na va\u0161im prsima ili razigrano razgledava svijet oko sebe. Ova ergonomska nosiljka prikladna je za no\u0161enje od ro\u0111enja do 3 godine starosti te se prilago\u0111ava svim fazama odrastanja.<\/p>\n","protected":false},"featured_media":249,"comment_status":"closed","ping_status":"closed","template":"","meta":[],"_links":{"self":[{"href":"https:\/\/wp-test.cro-digital.com\/index.php?rest_route=\/wp\/v2\/product\/129"}],"collection":[{"href":"https:\/\/wp-test.cro-digital.com\/index.php?rest_route=\/wp\/v2\/product"}],"about":[{"href":"https:\/\/wp-test.cro-digital.com\/index.php?rest_route=\/wp\/v2\/types\/product"}],"replies":[{"embeddable":true,"href":"https:\/\/wp-test.cro-digital.com\/index.php?rest_route=%2Fwp%2Fv2%2Fcomments&post=129"}],"wp:featuredmedia":[{"embeddable":true,"href":"https:\/\/wp-test.cro-digital.com\/index.php?rest_route=\/wp\/v2\/media\/249"}],"wp:attachment":[{"href":"https:\/\/wp-test.cro-digital.com\/index.php?rest_route=%2Fwp%2Fv2%2Fmedia&parent=129"}],"curies":[{"name":"wp","href":"https:\/\/api.w.org\/{rel}","templated":true}]}}