{"id":1298,"date":"2020-11-03T18:47:29","date_gmt":"2020-11-03T17:47:29","guid":{"rendered":"https:\/\/wp-test.cro-digital.com\/?product=import-placeholder-for-38609"},"modified":"2020-11-03T18:48:37","modified_gmt":"2020-11-03T17:48:37","slug":"jane-mims-zimska-vreca-boho-pink","status":"publish","type":"product","link":"https:\/\/wp-test.cro-digital.com\/?product=jane-mims-zimska-vreca-boho-pink","title":{"rendered":"Jane Mims+ zimska vre\u0107a &#8211; Boho pink"},"content":{"rendered":"<p>Izuzetno meka zimska vre\u0107a\/dekica s kapulja\u010dom prikladna je za kori\u0161tenje od ro\u0111enja, a njen univerzalni dizajn \u010dini ju prikladnom za kori\u0161tenje u kolicima, ko\u0161ari, te autosjedalici grupe 0 jer sadr\u017ei otvore za prolazak sigurnosnih remen\u010di\u0107a. Meka i rastezljiva pamu\u010dna tkanina s vanjske strane, te topla i ugodna podstava od flisa s unutarnje strane pobrinut \u0107e se za maksimalnu udobnost va\u0161eg djeteta u hladnim zimskim danima. Ima gumbi\u0107e s jedne strane, patentni zatvara\u010d u podno\u017eju, te kapulja\u010du koje zajedno \u010dine savr\u0161enu za\u0161titu od hladno\u0107e i vjera.<\/p>\n<p><img loading=\"lazy\" class=\"aligncenter size-full wp-image-38608\" src=\"https:\/\/www.all4kids.com.hr\/wp-content\/uploads\/2018\/10\/Mims-lifestyle.jpg\" alt=\"\" width=\"1968\" height=\"1968\" \/><\/p>\n<ul>\n<li>Namijenjena za kori\u0161tenje od ro\u0111enja.<\/li>\n<li>Univerzalna zimska vre\u0107a\/dekica koju mo\u017eete koristiti u kolicima, ko\u0161ari, te autosjedalici grupe 0.<\/li>\n<li>Sadr\u017ei otvore za prolaz sigurnosnih pojaseva kolica i autosjedalice.<\/li>\n<li>Kop\u010danje na gumbi\u0107e, s patentnim zatvara\u010dem u podru\u010dju no\u017eica &#8211; kako bi se sprije\u010dio ulazak hladnog zraka.<\/li>\n<li>Uklju\u010duje kapulja\u010du koja \u0107e za\u0161titi dje\u010dju glavicu od hladno\u0107e bez ograni\u010davanja vida.<\/li>\n<li>Meka i rastezljiva pamu\u010dna tkanina s vanske strane, te topla i meka unutra\u0161njost od flisa.<\/li>\n<li>\u0160titi od hladno\u0107e i vjetra.<\/li>\n<li>Materijal otporan na habanje i mrlje.<\/li>\n<li>Visokokvalitetni patentni zatvara\u010d i materijali.<\/li>\n<li>Dimenzije proizvoda: 44 x 88 cm<\/li>\n<\/ul>\n","protected":false},"excerpt":{"rendered":"<p>Meka i rastezljiva pamu\u010dna tkanina s vanjske strane, te topla i ugodna podstava od flisa s unutarnje strane pobrinut \u0107e se za maksimalnu udobnost va\u0161eg djeteta u hladnim zimskim danima.<\/p>\n","protected":false},"featured_media":1348,"comment_status":"closed","ping_status":"closed","template":"","meta":[],"_links":{"self":[{"href":"https:\/\/wp-test.cro-digital.com\/index.php?rest_route=\/wp\/v2\/product\/1298"}],"collection":[{"href":"https:\/\/wp-test.cro-digital.com\/index.php?rest_route=\/wp\/v2\/product"}],"about":[{"href":"https:\/\/wp-test.cro-digital.com\/index.php?rest_route=\/wp\/v2\/types\/product"}],"replies":[{"embeddable":true,"href":"https:\/\/wp-test.cro-digital.com\/index.php?rest_route=%2Fwp%2Fv2%2Fcomments&post=1298"}],"wp:featuredmedia":[{"embeddable":true,"href":"https:\/\/wp-test.cro-digital.com\/index.php?rest_route=\/wp\/v2\/media\/1348"}],"wp:attachment":[{"href":"https:\/\/wp-test.cro-digital.com\/index.php?rest_route=%2Fwp%2Fv2%2Fmedia&parent=1298"}],"curies":[{"name":"wp","href":"https:\/\/api.w.org\/{rel}","templated":true}]}}