{"id":1301,"date":"2020-11-03T18:47:30","date_gmt":"2020-11-03T17:47:30","guid":{"rendered":"https:\/\/wp-test.cro-digital.com\/?product=import-placeholder-for-39146"},"modified":"2020-11-03T18:48:54","modified_gmt":"2020-11-03T17:48:54","slug":"jane-mama-bag-black","status":"publish","type":"product","link":"https:\/\/wp-test.cro-digital.com\/?product=jane-mama-bag-black","title":{"rendered":"Jane Mama bag &#8211; Black"},"content":{"rendered":"<p data-removefontsize=\"true\" data-originalcomputedfontsize=\"16\">Dodatak bez kojeg ne mo\u017eete! Torba s unutarnjim i vanjskim d\u017eepovima, podlogom za previjanje i etuiem za dokumente. Kamo god oti\u0161li, Mama Bag \u010duvat \u0107e sve \u0161to vam je potrebno daleko od ku\u0107e.<\/p>\n<ul>\n<li data-removefontsize=\"true\" data-originalcomputedfontsize=\"16\">Vi\u0161e d\u017eepova i pretinaca &#8211; prakti\u010dni prednji, unutarnji i stra\u017enji d\u017eepovi pomo\u0107i \u0107e vam da organizirate stvari kako bi vam uvijek bile pri ruci<\/li>\n<li data-removefontsize=\"true\" data-originalcomputedfontsize=\"16\">Multifunkcionalna podloga za previjanje<\/li>\n<li data-removefontsize=\"true\" data-originalcomputedfontsize=\"16\">Torbica se mo\u017ee rasklopiti i tako postati prakti\u010dna podloga za previjanje s bo\u010dnim d\u017eepom za maramice i\/ili pelene; a nakon uporabe mo\u017ee se objesiti za kolica<\/li>\n<li data-removefontsize=\"true\" data-originalcomputedfontsize=\"16\">Etui za dokumente va\u0161e bebe &#8211; torba sadr\u017ei prakti\u010dnu futrolu u koju mo\u017eete spremiti bebine dokumente kako bi vam uvijek bili pri ruci<\/li>\n<li data-removefontsize=\"true\" data-originalcomputedfontsize=\"16\">Prostrana torba za previjanje s mno\u0161tvom pretinaca olak\u0161at \u0107e izlete s bebom u bilo koje doba dana<\/li>\n<li data-removefontsize=\"true\" data-originalcomputedfontsize=\"16\">Moderan dizajn s univerzalnim sustavom pri\u010dvr\u0161\u0107ivanja \u0161to omogu\u0107ava kori\u0161tenje torbe na bilo kojoj ru\u010dci kolica, bilo da je otvorena ili zatvorena<\/li>\n<li data-removefontsize=\"true\" data-originalcomputedfontsize=\"16\">Izuzetno prostrana torba s visokokvalitetnim zatvara\u010dem<\/li>\n<li data-removefontsize=\"true\" data-originalcomputedfontsize=\"16\">Mo\u017ee se nositi i na ramenu<\/li>\n<li data-removefontsize=\"true\" data-originalcomputedfontsize=\"16\">Materijal otporan na habanje i mrlje koje se vrlo lako \u010diste s vla\u017enom krpom<\/li>\n<li data-removefontsize=\"true\" data-originalcomputedfontsize=\"16\">Dimenzije: 35 x 45 x 16 cm<\/li>\n<\/ul>\n","protected":false},"excerpt":{"rendered":"<p>Dodatak bez kojeg ne mo\u017eete! Torba s unutarnjim i vanjskim d\u017eepovima, podlogom za previjanje i etuiem za dokumente. Kamo god oti\u0161li, Mama Bag \u010duvat \u0107e sve \u0161to vam je potrebno daleko od ku\u0107e.<\/p>\n","protected":false},"featured_media":1352,"comment_status":"closed","ping_status":"closed","template":"","meta":[],"_links":{"self":[{"href":"https:\/\/wp-test.cro-digital.com\/index.php?rest_route=\/wp\/v2\/product\/1301"}],"collection":[{"href":"https:\/\/wp-test.cro-digital.com\/index.php?rest_route=\/wp\/v2\/product"}],"about":[{"href":"https:\/\/wp-test.cro-digital.com\/index.php?rest_route=\/wp\/v2\/types\/product"}],"replies":[{"embeddable":true,"href":"https:\/\/wp-test.cro-digital.com\/index.php?rest_route=%2Fwp%2Fv2%2Fcomments&post=1301"}],"wp:featuredmedia":[{"embeddable":true,"href":"https:\/\/wp-test.cro-digital.com\/index.php?rest_route=\/wp\/v2\/media\/1352"}],"wp:attachment":[{"href":"https:\/\/wp-test.cro-digital.com\/index.php?rest_route=%2Fwp%2Fv2%2Fmedia&parent=1301"}],"curies":[{"name":"wp","href":"https:\/\/api.w.org\/{rel}","templated":true}]}}