{"id":1303,"date":"2020-11-03T18:47:30","date_gmt":"2020-11-03T17:47:30","guid":{"rendered":"https:\/\/wp-test.cro-digital.com\/?product=import-placeholder-for-39155"},"modified":"2020-11-03T18:49:06","modified_gmt":"2020-11-03T17:49:06","slug":"jane-nest-zimska-vreca-shadow","status":"publish","type":"product","link":"https:\/\/wp-test.cro-digital.com\/?product=jane-nest-zimska-vreca-shadow","title":{"rendered":"Jan\u00e9 Nest zimska vre\u0107a &#8211; Shadow"},"content":{"rendered":"<p>Univerzalna zimska vre\u0107a Jan\u00e9 Nest pobrinut \u0107e se za maksimalnu udobnost i toplinu va\u0161ega djeteta u hladnim zimskim danima. Vre\u0107a je vrlo prostrana i meka, a \u010dine ju vrhunski materijali, prekrasan dizajn, funkcionalnost i moderan izgled. Nest zimska vre\u0107a ima lepr\u0161avu unutra\u0161njost i vodootpornu vanjsku stranu \u0161to ju \u010dini savr\u0161enom kombinacijom za za\u0161titu va\u0161eg djeteta u najhladnijim danima. Za toplije dane u godini gornji dio vre\u0107e mo\u017ee se potpuno skinuti, pa se tako mo\u017ee koristiti kao mekana podloga od flisa, a dok se gornji dio mo\u017ee koristiti i kao prekriva\u010d. Nest zimska vre\u0107a s obzirom da je univerzalna mo\u017ee se postaviti u kolica na vi\u0161e na\u010dina \u0161to je \u010dini kompatibilnom sa gotovo svim vrstama dje\u010djih kolica na tr\u017ei\u0161tu.<\/p>\n<ul>\n<li><strong>Mo\u017ee se koristiti kao zimska vre\u0107a, kao podloga za kolica ili kao prekriva\u010d za nogice.<\/strong><\/li>\n<li>Univerzalni dizajn s razli\u010ditim mogu\u0107nostima ugradnje na sjedalo (stezanje vezica, \u010di\u010dak trake ili elasti\u010dni traka koji se stavlja ispod kolica) omogu\u0107uje mu da p<strong>ristaje svim dje\u010djim kolicima na tr\u017ei\u0161tu.<\/strong><\/li>\n<li>Ima otvore za prolaz sigurnosnih pojaseva kolica \u0161to je \u010dini sigurnom opcijom za kori\u0161tenje u kolicima.<\/li>\n<li>Patentni zatvara\u010di u sredini, te sa bo\u010dnih strana zimske vre\u0107e.<\/li>\n<li>Zatvara\u010di na bo\u010dnim stranama omogu\u0107avaju potpuno skidanje gornjeg dijela vre\u0107e.<\/li>\n<li>Kada se skine gornji dio vre\u0107e ostaje vrlo ugodna podloga za kolica.<\/li>\n<li>Vrlo mekan i topao unutarnji dio od flisa.<\/li>\n<li><strong>Vanjski dio otporan na vodu.<\/strong><\/li>\n<li>\u0160titi od hladno\u0107e i vjetra.<\/li>\n<li>Materijal otporan na habanje i mrlje.<\/li>\n<li>Najkvalitetniji patentni zatvara\u010di i materijali.<\/li>\n<li>Sadr\u017ei unutarnju za\u0161titu protiv prljanja u podru\u010dju predvi\u0111enom za dje\u010dje no\u017eice.<\/li>\n<li><strong>Prati rast djeteta<\/strong> &#8211; du\u017einu vre\u0107e mogu\u0107e je skratiti.<\/li>\n<li>Dimenzije proizvoda: 46 x 95 cm<\/li>\n<\/ul>\n<p>&nbsp;<\/p>\n","protected":false},"excerpt":{"rendered":"<p>Univerzalna zimska vre\u0107a Jan\u00e9 Nest pobrinut \u0107e se za maksimalnu udobnost i toplinu va\u0161ega djeteta u hladnim zimskim danima. Vre\u0107a je vrlo prostrana i meka, a \u010dine ju vrhunski materijali, prekrasan dizajn, funkcionalnost i moderan izgled.<\/p>\n","protected":false},"featured_media":1358,"comment_status":"closed","ping_status":"closed","template":"","meta":[],"_links":{"self":[{"href":"https:\/\/wp-test.cro-digital.com\/index.php?rest_route=\/wp\/v2\/product\/1303"}],"collection":[{"href":"https:\/\/wp-test.cro-digital.com\/index.php?rest_route=\/wp\/v2\/product"}],"about":[{"href":"https:\/\/wp-test.cro-digital.com\/index.php?rest_route=\/wp\/v2\/types\/product"}],"replies":[{"embeddable":true,"href":"https:\/\/wp-test.cro-digital.com\/index.php?rest_route=%2Fwp%2Fv2%2Fcomments&post=1303"}],"wp:featuredmedia":[{"embeddable":true,"href":"https:\/\/wp-test.cro-digital.com\/index.php?rest_route=\/wp\/v2\/media\/1358"}],"wp:attachment":[{"href":"https:\/\/wp-test.cro-digital.com\/index.php?rest_route=%2Fwp%2Fv2%2Fmedia&parent=1303"}],"curies":[{"name":"wp","href":"https:\/\/api.w.org\/{rel}","templated":true}]}}