{"id":1319,"date":"2020-11-03T18:47:53","date_gmt":"2020-11-03T17:47:53","guid":{"rendered":"https:\/\/wp-test.cro-digital.com\/?product=import-placeholder-for-39163"},"modified":"2020-11-03T18:49:21","modified_gmt":"2020-11-03T17:49:21","slug":"jane-rukavice-za-kolica-soil","status":"publish","type":"product","link":"https:\/\/wp-test.cro-digital.com\/?product=jane-rukavice-za-kolica-soil","title":{"rendered":"Jan\u00e9 rukavice za kolica &#8211; Soil"},"content":{"rendered":"<p>Univerzalne, tople rukavice za kolica koje se montiraju na ru\u010dku kolica i \u0161tite va\u0161e ruke od vjetra i hladno\u0107e. Tople rukavice napravljene od eko ko\u017ee s ugodnom i mekom podstavom. Idealne za hladne zimske mjesece!<\/p>\n<ul>\n<li>Univerzalne &#8211; odgovaraju svim tipovima ru\u010dki kolica<\/li>\n<li>\u0160titite ruke od hladno\u0107e i vjetra<\/li>\n<li>Tople i prakti\u010dne s vrlo mekanom i ugodnom unutra\u0161njosti<\/li>\n<li>Koristite ih umjesto zimskih rukavica ili preko njih kao dodatnu za\u0161titu za najhladnije dane u godini<\/li>\n<li>Univerzalna boja- dizajnirane za upotrebu za odrasle<\/li>\n<li>Brzo i jednostavno postavljanje<\/li>\n<li>Po potrebi mo\u017eete lako i brzo izvaditi ruke<\/li>\n<li>Pogodno za kori\u0161tenje s dje\u010djim kolicima s 2 ru\u010dke (otvorena ru\u010dka) ili samo jednom ru\u010dkom (zatvorena ru\u010dka)<\/li>\n<li>Namjestite ih na ru\u010dku kolica pomo\u0107u patentnog zatvara\u010da. Ako \u017eelite, mo\u017eete ih ostaviti na upravlja\u010du kako bi uvijek bile spremne za upotrebu<\/li>\n<li>Mo\u017eete sklopiti kolica bez skidanja rukavica<\/li>\n<li>Rukavice mo\u017eete skratiti jednostavnim preklapanjem gornjeg dijela<\/li>\n<li>Materijal: 50% poliester, 50% poliamid<\/li>\n<li>Dimenzije prizvoda: 28 x 19 x 7 cm<\/li>\n<\/ul>\n","protected":false},"excerpt":{"rendered":"<p>Univerzalne, tople rukavice za kolica koje se montiraju na ru\u010dku kolica i \u0161tite va\u0161e ruke od vjetra i hladno\u0107e. Idealne za hladne zimske mjesece!<\/p>\n","protected":false},"featured_media":1362,"comment_status":"closed","ping_status":"closed","template":"","meta":[],"_links":{"self":[{"href":"https:\/\/wp-test.cro-digital.com\/index.php?rest_route=\/wp\/v2\/product\/1319"}],"collection":[{"href":"https:\/\/wp-test.cro-digital.com\/index.php?rest_route=\/wp\/v2\/product"}],"about":[{"href":"https:\/\/wp-test.cro-digital.com\/index.php?rest_route=\/wp\/v2\/types\/product"}],"replies":[{"embeddable":true,"href":"https:\/\/wp-test.cro-digital.com\/index.php?rest_route=%2Fwp%2Fv2%2Fcomments&post=1319"}],"wp:featuredmedia":[{"embeddable":true,"href":"https:\/\/wp-test.cro-digital.com\/index.php?rest_route=\/wp\/v2\/media\/1362"}],"wp:attachment":[{"href":"https:\/\/wp-test.cro-digital.com\/index.php?rest_route=%2Fwp%2Fv2%2Fmedia&parent=1319"}],"curies":[{"name":"wp","href":"https:\/\/api.w.org\/{rel}","templated":true}]}}