{"id":14,"date":"2020-11-03T18:19:07","date_gmt":"2020-11-03T17:19:07","guid":{"rendered":"https:\/\/wp-test.cro-digital.com\/?product=import-placeholder-for-11520"},"modified":"2020-11-03T18:19:14","modified_gmt":"2020-11-03T17:19:14","slug":"jane-fold-lezaljka-stars","status":"publish","type":"product","link":"https:\/\/wp-test.cro-digital.com\/?product=jane-fold-lezaljka-stars","title":{"rendered":"Jane Fold le\u017ealjka &#8211; Stars"},"content":{"rendered":"<p>Jane Fold patentirani je proizvod namijenjen za le\u017eanje i njihanje va\u0161e bebe. Malenu ljulja\u010dku ljulj\u0161kat \u0107e bebini pokreti, \u0161to \u0107e doprinjeti razvoju njenih motori\u010dkih sposobnosti. Fold le\u017ealjka nudi i luk s mekanim igra\u010dkicama koje \u0107e se pobrinuti za nezaboravnu zabavu. Posebna je i po tome \u0161to ima aluminijsku konstrukciju koja \u0107e omogu\u0107iti lak prijenos do mjesta na kojemu \u0107e ona va\u0161em djetetu biti potrebna. Mekana pamu\u010dna navlaka preko cijele le\u017ealjke i udoban jastu\u010di\u0107 pru\u017eit \u0107e va\u0161em mali\u0161anu ve\u0107u ugodnost prilikom spavanja, igre ili odmaranja.<\/p>\n<ul>\n<li>Patentirani proizvod<\/li>\n<li>Namijenjena za kori\u0161tenje od ro\u0111enja do 9 kg te\u017eine<\/li>\n<li>Le\u017ealjka za ljuljanje sa lukom i mekanim igra\u010dkama<\/li>\n<li>Izuzetno lagana \u2013 100 % aluminijska konstrukcija<\/li>\n<li>Podesivost naslona u tri razine \u2013 za spavanje, odmaranje i igranje<\/li>\n<li>Lako sklopiva i kompaktna \u2013 omogu\u0107ava lak prijenos<\/li>\n<li>Presvu\u010dena mekom pamu\u010dnom tkaninom<\/li>\n<li>Sadr\u017ei punjenu navlaku i jastu\u010di\u0107 za optimalnu udobnost<\/li>\n<li>Sve navlake su uklonjive i mogu se prati<\/li>\n<li>Dimenzije sklopljenog proizvoda: 48 x 73 x 15 cm<\/li>\n<li>Te\u017eina proizvoda: 2,9 kg<\/li>\n<\/ul>\n","protected":false},"excerpt":{"rendered":"<p>Jane Fold patentirani je proizvod namijenjen za le\u017eanje i njihanje va\u0161e bebe. Malenu ljulja\u010dku ljulj\u0161kat \u0107e bebini pokreti, \u0161to \u0107e doprinjeti razvoju njenih motori\u010dkih sposobnosti.<\/p>\n","protected":false},"featured_media":52,"comment_status":"closed","ping_status":"closed","template":"","meta":[],"_links":{"self":[{"href":"https:\/\/wp-test.cro-digital.com\/index.php?rest_route=\/wp\/v2\/product\/14"}],"collection":[{"href":"https:\/\/wp-test.cro-digital.com\/index.php?rest_route=\/wp\/v2\/product"}],"about":[{"href":"https:\/\/wp-test.cro-digital.com\/index.php?rest_route=\/wp\/v2\/types\/product"}],"replies":[{"embeddable":true,"href":"https:\/\/wp-test.cro-digital.com\/index.php?rest_route=%2Fwp%2Fv2%2Fcomments&post=14"}],"wp:featuredmedia":[{"embeddable":true,"href":"https:\/\/wp-test.cro-digital.com\/index.php?rest_route=\/wp\/v2\/media\/52"}],"wp:attachment":[{"href":"https:\/\/wp-test.cro-digital.com\/index.php?rest_route=%2Fwp%2Fv2%2Fmedia&parent=14"}],"curies":[{"name":"wp","href":"https:\/\/api.w.org\/{rel}","templated":true}]}}