{"id":16,"date":"2020-11-03T18:19:07","date_gmt":"2020-11-03T17:19:07","guid":{"rendered":"https:\/\/wp-test.cro-digital.com\/?product=import-placeholder-for-6624-t01"},"modified":"2020-11-03T18:32:29","modified_gmt":"2020-11-03T17:32:29","slug":"jane-flip-kadica-s-podlogom-za-prematanje-star","status":"publish","type":"product","link":"https:\/\/wp-test.cro-digital.com\/?product=jane-flip-kadica-s-podlogom-za-prematanje-star","title":{"rendered":"Jan\u00e9 Flip kadica s podlogom za prematanje &#8211; Star"},"content":{"rendered":"<p>Uz Flip kadicu kupanje \u0107e postati omiljeni ritual va\u0161ih mali\u0161ana. Ergonomska kadica s podlogom za presvla\u010denje pratit \u0107e va\u0161eg mali\u0161ana od ro\u0111enja do 12 mjeseci starosti. Jednostavna i moderna Janeova kadica ima ugra\u0111eni sustav za otpu\u0161tanje vode, te \u010dvrst, stabilan i lagan stalak koji se lako sklapa. Prakti\u010dna Jane Flip kadica odli\u010dan je izbor za kupanje i previjanje sa stilom.<\/p>\n<p>\u2022 Namijenjena za kori\u0161tenje od ro\u0111enja do 12 mjeseci starosti.<br \/>\n\u2022 Kadica sa stalkom i podlogom za prematanje.<br \/>\n\u2022 Ergonomski oblikovana.<br \/>\n\u2022 Ugra\u0111en sustav za otpu\u0161tanje vode iz kadice.<br \/>\n\u2022 Meka i udobna podloga za prematanje s povi\u0161enim bo\u010dnim stranicama.<br \/>\n\u2022 Podloga za prematanje ispunjena je mekom spu\u017evom i presvu\u010dena je plasti\u010dnom presvlakom koja je vrlo jednostavna za odr\u017eavanje.<br \/>\n\u2022 Donji dio idealan za odlaganje stvari potrebnih za kupanje (ru\u010dnik, \u0161amponi za bebu, igra\u010dke).<br \/>\n\u2022 \u010cvrst, stabilan i lagan stalak jednostavno se sklapa.<br \/>\n\u2022 Kad je sklopljena zauzima jako malo prostora.<br \/>\n\u2022 Maksimalno optere\u0107enje: 11 kg<br \/>\n\u2022 Dimenzije proizvoda: 85 x 52 x 106 cm<br \/>\n\u2022 Dimenzije sklopljenog proizvoda: 85 x 26 x 98 cm<br \/>\n\u2022 Te\u017eina proizvoda: 8,5 kg<\/p>\n","protected":false},"excerpt":{"rendered":"<p>Uz Jan\u00e9 Flip kadicu kupanje \u0107e postati omiljeniji ritual va\u0161ih mali\u0161ana. Ergonomska kadica s podlogom za prematanje pratit \u0107e va\u0161eg mali\u0161ana od ro\u0111enja do 12 mjeseci starosti.<\/p>\n","protected":false},"featured_media":616,"comment_status":"closed","ping_status":"closed","template":"","meta":[],"_links":{"self":[{"href":"https:\/\/wp-test.cro-digital.com\/index.php?rest_route=\/wp\/v2\/product\/16"}],"collection":[{"href":"https:\/\/wp-test.cro-digital.com\/index.php?rest_route=\/wp\/v2\/product"}],"about":[{"href":"https:\/\/wp-test.cro-digital.com\/index.php?rest_route=\/wp\/v2\/types\/product"}],"replies":[{"embeddable":true,"href":"https:\/\/wp-test.cro-digital.com\/index.php?rest_route=%2Fwp%2Fv2%2Fcomments&post=16"}],"wp:featuredmedia":[{"embeddable":true,"href":"https:\/\/wp-test.cro-digital.com\/index.php?rest_route=\/wp\/v2\/media\/616"}],"wp:attachment":[{"href":"https:\/\/wp-test.cro-digital.com\/index.php?rest_route=%2Fwp%2Fv2%2Fmedia&parent=16"}],"curies":[{"name":"wp","href":"https:\/\/api.w.org\/{rel}","templated":true}]}}