{"id":177,"date":"2020-11-03T18:22:01","date_gmt":"2020-11-03T17:22:01","guid":{"rendered":"https:\/\/wp-test.cro-digital.com\/?product=import-placeholder-for-16307"},"modified":"2020-11-03T18:23:56","modified_gmt":"2020-11-03T17:23:56","slug":"jane-univerzalni-suncobran-za-kolica-red","status":"publish","type":"product","link":"https:\/\/wp-test.cro-digital.com\/?product=jane-univerzalni-suncobran-za-kolica-red","title":{"rendered":"Jane univerzalni suncobran za kolica &#8211; Red"},"content":{"rendered":"<p>Ovo nije obi\u010dan suncobran za kolica! On je izra\u0111en od materijala posebno dizajniranog kako bi pru\u017eio za\u0161titu od sunca, te UVA i UVB zraka. Za\u0161titni faktor Jane-ovog suncobrana je 50+ koji je ujedno i najve\u0107i faktor koji materijal mo\u017ee dosegnuti.<\/p>\n<ul>\n<li><strong>Univerzalan dr\u017ea\u010d<\/strong> &#8211; odgovara svim tipovima dje\u010djih kolica<\/li>\n<li>UV za\u0161tita SPF 50+<\/li>\n<li>Velik &#8211; promjera 70,5 cm<\/li>\n<li>Jednostavan mehanizam za brzo otpu\u0161tanje i postavljanje suncobrana<\/li>\n<li>Prilagodljiv &#8211; kako bi obuhvatio polo\u017eaj djeteta Skriveni zavr\u0161eci radi ve\u0107e sigurnosti<\/li>\n<li>\u010cvrst je i lako se \u010disti<\/li>\n<li>Kompaktno sklapanje<\/li>\n<li>Promjer: 70,5 cm<\/li>\n<\/ul>\n","protected":false},"excerpt":{"rendered":"<p>Ovo nije obi\u010dan suncobran za kolica! On je izra\u0111en od materijala posebno dizajniranog kako bi pru\u017eio za\u0161titu od sunca, te UVA i UVB zraka. Za\u0161titni faktor Jane-ovog suncobrana je 50+ koji je ujedno i najve\u0107i faktor koji materijal mo\u017ee dosegnuti.<\/p>\n","protected":false},"featured_media":277,"comment_status":"closed","ping_status":"closed","template":"","meta":[],"_links":{"self":[{"href":"https:\/\/wp-test.cro-digital.com\/index.php?rest_route=\/wp\/v2\/product\/177"}],"collection":[{"href":"https:\/\/wp-test.cro-digital.com\/index.php?rest_route=\/wp\/v2\/product"}],"about":[{"href":"https:\/\/wp-test.cro-digital.com\/index.php?rest_route=\/wp\/v2\/types\/product"}],"replies":[{"embeddable":true,"href":"https:\/\/wp-test.cro-digital.com\/index.php?rest_route=%2Fwp%2Fv2%2Fcomments&post=177"}],"wp:featuredmedia":[{"embeddable":true,"href":"https:\/\/wp-test.cro-digital.com\/index.php?rest_route=\/wp\/v2\/media\/277"}],"wp:attachment":[{"href":"https:\/\/wp-test.cro-digital.com\/index.php?rest_route=%2Fwp%2Fv2%2Fmedia&parent=177"}],"curies":[{"name":"wp","href":"https:\/\/api.w.org\/{rel}","templated":true}]}}