{"id":178,"date":"2020-11-03T18:22:02","date_gmt":"2020-11-03T17:22:02","guid":{"rendered":"https:\/\/wp-test.cro-digital.com\/?product=import-placeholder-for-16320"},"modified":"2020-11-03T18:23:58","modified_gmt":"2020-11-03T17:23:58","slug":"jane-termo-zastita-za-autosjedalicu","status":"publish","type":"product","link":"https:\/\/wp-test.cro-digital.com\/?product=jane-termo-zastita-za-autosjedalicu","title":{"rendered":"Jane termo za\u0161tita za autosjedalicu"},"content":{"rendered":"<p>Univerzalna termo za\u0161tita bit \u0107e od velike pomo\u0107i prilikom visokih ljetnih temperatura. Prilikom izravnog izlaganja automobila na suncu dolazi do pregrijavanja autosjedalice, \u0161to mo\u017ee biti izuzetno opasno za va\u0161e dijete. Kako bi to izbjegli koristite Jane univerzalnu termo za\u0161titu koja \u0107e odr\u017eavati temperaturu autosjedalice na 25\u00ba. Termo za\u0161tita odgovara autosjedalicama grupe 0-3, a zahvaljuju\u0107i gumenom pode\u0161avanju odgovara razli\u010ditim modelima autosjedalica.<\/p>\n<ul>\n<li>Univerzalna termo za\u0161tita<\/li>\n<li>Termo za\u0161tita za odr\u017eavanje temperature autosjedalice na 25\u00ba<\/li>\n<li>Odgovara autosjedalicama grupe 0, 0+ \/1\/2\/3\u00a0 (autosjedalice za dojen\u010dad i malu djecu)<\/li>\n<li>Univerzalna: Odgovara svim modelima autosjedalica<\/li>\n<li>Brzo i jednostavno postavljanje i skidanje<\/li>\n<li>Dimenzije proizvoda: 48 x 82 cm<\/li>\n<\/ul>\n","protected":false},"excerpt":{"rendered":"<p>Univerzalna termo za\u0161tita bit \u0107e od velike pomo\u0107i prilikom visokih ljetnih temperatura. Kako bi izbjegli pregrijavanje autosjedalice prilikom izravnog izlaganja na suncu koristite Jane univerzalnu termo za\u0161titu koja \u0107e odr\u017eavati temperaturu autosjedalice na 25\u00ba.<\/p>\n","protected":false},"featured_media":281,"comment_status":"closed","ping_status":"closed","template":"","meta":[],"_links":{"self":[{"href":"https:\/\/wp-test.cro-digital.com\/index.php?rest_route=\/wp\/v2\/product\/178"}],"collection":[{"href":"https:\/\/wp-test.cro-digital.com\/index.php?rest_route=\/wp\/v2\/product"}],"about":[{"href":"https:\/\/wp-test.cro-digital.com\/index.php?rest_route=\/wp\/v2\/types\/product"}],"replies":[{"embeddable":true,"href":"https:\/\/wp-test.cro-digital.com\/index.php?rest_route=%2Fwp%2Fv2%2Fcomments&post=178"}],"wp:featuredmedia":[{"embeddable":true,"href":"https:\/\/wp-test.cro-digital.com\/index.php?rest_route=\/wp\/v2\/media\/281"}],"wp:attachment":[{"href":"https:\/\/wp-test.cro-digital.com\/index.php?rest_route=%2Fwp%2Fv2%2Fmedia&parent=178"}],"curies":[{"name":"wp","href":"https:\/\/api.w.org\/{rel}","templated":true}]}}