{"id":179,"date":"2020-11-03T18:22:02","date_gmt":"2020-11-03T17:22:02","guid":{"rendered":"https:\/\/wp-test.cro-digital.com\/?product=import-placeholder-for-16342"},"modified":"2020-11-03T18:24:01","modified_gmt":"2020-11-03T17:24:01","slug":"jane-parasol-sjenilo-za-auto","status":"publish","type":"product","link":"https:\/\/wp-test.cro-digital.com\/?product=jane-parasol-sjenilo-za-auto","title":{"rendered":"Jane Parasol sjenilo za auto"},"content":{"rendered":"<p>Parasol sjenilo za prozor u autu pobrinut \u0107e se da va\u0161im mali\u0161anima svako putovanje bude ugodno. Okruglo sjenilo s motivom preslatkog medvjedi\u0107a \u0161titit \u0107e od sun\u010deve svjetlosti, no ne\u0107e onemogu\u0107avati pogled prema van. Okruglo sjenilo odgovara ve\u0107ini vozila, te se lako postavlja pomo\u0107u vakuumskih priljepaka.<\/p>\n<ul>\n<li>U pakiranju dolaze 2 komada<\/li>\n<li>Sklopiv<\/li>\n<li>Jednostavan za kori\u0161tenje &#8211; ne\u0107e ostaviti tragove na prozoru va\u0161eg automobila<\/li>\n<li>\u0160titi od ultraljubi\u010dastih zraka i smanjuje odsjaj<\/li>\n<li>Unutra\u0161njost sjenila ima atraktivan dizajn koji \u0107e se pobrinuti za zabavu va\u0161e bebe na putovanju<\/li>\n<li>Mo\u017ee se postavljati i uklanjati koliko god \u017eelite<\/li>\n<li>Dimenzije: 44 x 35 cm<\/li>\n<\/ul>\n","protected":false},"excerpt":{"rendered":"<p>Parasol sjenilo za prozor u autu pobrinut \u0107e se da va\u0161im mali\u0161anima svako putovanje bude ugodno.<\/p>\n","protected":false},"featured_media":283,"comment_status":"closed","ping_status":"closed","template":"","meta":[],"_links":{"self":[{"href":"https:\/\/wp-test.cro-digital.com\/index.php?rest_route=\/wp\/v2\/product\/179"}],"collection":[{"href":"https:\/\/wp-test.cro-digital.com\/index.php?rest_route=\/wp\/v2\/product"}],"about":[{"href":"https:\/\/wp-test.cro-digital.com\/index.php?rest_route=\/wp\/v2\/types\/product"}],"replies":[{"embeddable":true,"href":"https:\/\/wp-test.cro-digital.com\/index.php?rest_route=%2Fwp%2Fv2%2Fcomments&post=179"}],"wp:featuredmedia":[{"embeddable":true,"href":"https:\/\/wp-test.cro-digital.com\/index.php?rest_route=\/wp\/v2\/media\/283"}],"wp:attachment":[{"href":"https:\/\/wp-test.cro-digital.com\/index.php?rest_route=%2Fwp%2Fv2%2Fmedia&parent=179"}],"curies":[{"name":"wp","href":"https:\/\/api.w.org\/{rel}","templated":true}]}}