{"id":18,"date":"2020-11-03T18:19:08","date_gmt":"2020-11-03T17:19:08","guid":{"rendered":"https:\/\/wp-test.cro-digital.com\/?product=import-placeholder-for-050195c01"},"modified":"2020-11-03T18:19:31","modified_gmt":"2020-11-03T17:19:31","slug":"jane-moon-ion-ovlazivac-ionizator-zraka","status":"publish","type":"product","link":"https:\/\/wp-test.cro-digital.com\/?product=jane-moon-ion-ovlazivac-ionizator-zraka","title":{"rendered":"Jan\u00e9 Moon Ion ovla\u017eiva\u010d\/ionizator zraka"},"content":{"rendered":"<p>Simpati\u010dni i okruglasti ure\u0111aj koji \u0107e no\u0107u marljivo raditi kako bi vama i va\u0161oj bebi osigurao \u010dist i kvalitetan zrak. Dok \u0107ete vi spavati on \u0107e tiho prizvoditi paru sobne temperature pove\u0107avaju\u0107i relativnu vla\u017enost zraka, te ione s negativnim nabojem za koje \u0107e se lijepiti \u0161tetne \u010destice u atmosferi. Tako\u0111er, u\u00a0Jan\u00e9 Moon ovla\u017eiva\u010d zraka mo\u017eete dodati eteri\u010dna ulja koja \u0107e opustiti va\u0161u bebu i omogu\u0107iti joj mirniji san.<\/p>\n<ul>\n<li><strong>Ovla\u017eiva\u010d, osvje\u017eiva\u010d i ionizator<\/strong><\/li>\n<li>Ultrazvu\u010dni ovla\u017eiva\u010d stvara paru sobne temperature pove\u0107avaju\u0107i relativnu vla\u017enost zraka bez pove\u0107anja temperature u prostoriji<\/li>\n<li>Ure\u0111aj radi tiho, ne ometa san<\/li>\n<li>Niska potro\u0161nja elektri\u010dne energije<\/li>\n<li><strong>2 brzine rada<\/strong> (ni\u017ea brzina 12 sati; vi\u0161a brzina 9 sati)<\/li>\n<li>9 &#8211; 12 sati uzastopnog rada<\/li>\n<li>Mo\u017eete namjestiti <strong>tajmer<\/strong> da se isklju\u010di za 1, 2 ili 4 sata<\/li>\n<li>Lagan, prenosiv, jednostavan za uporabu<\/li>\n<li>Opremljen senzorom za razinu vode, pa se automatski isklju\u010duje ako ostane bez vode<\/li>\n<li>Mo\u017eete koristiti i vodu iz slavine, ali s vremena na vrijeme mo\u017eete staviti mineralnu umjesto obi\u010dne vode iz slavine<\/li>\n<li><strong>Ionizator<\/strong> &#8211; poma\u017ee o\u010distiti i pobolj\u0161ati kvalitetu zraka proizvode\u0107i ione s negativnim nabojem koji se lijepe za \u0161tetne \u010destice u atmosferi<\/li>\n<li><strong>Kromoterapija<\/strong> &#8211; vi\u0161ebojna no\u0107na svjetla<\/li>\n<li><strong>Uz dodatak eteri\u010dnog ulja slu\u017ei kao osvje\u017eiva\u010d zraka<\/strong><\/li>\n<li>Zapremnina: cca 1l<\/li>\n<li>Dimenzije proizvoda: 16 x 16 x 15 cm<\/li>\n<\/ul>\n","protected":false},"excerpt":{"rendered":"<p>Simpati\u010dni i okruglasti ure\u0111aj koji \u0107e no\u0107u marljivo raditi kako bi vama i va\u0161oj bebi osigurao \u010dist i kvalitetan zrak.<\/p>\n","protected":false},"featured_media":58,"comment_status":"closed","ping_status":"closed","template":"","meta":[],"_links":{"self":[{"href":"https:\/\/wp-test.cro-digital.com\/index.php?rest_route=\/wp\/v2\/product\/18"}],"collection":[{"href":"https:\/\/wp-test.cro-digital.com\/index.php?rest_route=\/wp\/v2\/product"}],"about":[{"href":"https:\/\/wp-test.cro-digital.com\/index.php?rest_route=\/wp\/v2\/types\/product"}],"replies":[{"embeddable":true,"href":"https:\/\/wp-test.cro-digital.com\/index.php?rest_route=%2Fwp%2Fv2%2Fcomments&post=18"}],"wp:featuredmedia":[{"embeddable":true,"href":"https:\/\/wp-test.cro-digital.com\/index.php?rest_route=\/wp\/v2\/media\/58"}],"wp:attachment":[{"href":"https:\/\/wp-test.cro-digital.com\/index.php?rest_route=%2Fwp%2Fv2%2Fmedia&parent=18"}],"curies":[{"name":"wp","href":"https:\/\/api.w.org\/{rel}","templated":true}]}}