{"id":200,"date":"2020-11-03T18:22:26","date_gmt":"2020-11-03T17:22:26","guid":{"rendered":"https:\/\/wp-test.cro-digital.com\/?product=import-placeholder-for-16488"},"modified":"2020-11-03T18:29:52","modified_gmt":"2020-11-03T17:29:52","slug":"jane-pamucni-lancic-za-dudu","status":"publish","type":"product","link":"https:\/\/wp-test.cro-digital.com\/?product=jane-pamucni-lancic-za-dudu","title":{"rendered":"Jan\u00e9 pamu\u010dni lan\u010di\u0107 za dudu"},"content":{"rendered":"<p>Prakti\u010dni pamu\u010dni lan\u010di\u0107i atraktivnog dizajna koji \u0107e osigurati da se duda va\u0161e bebe vi\u0161e nikad ne izgubi! Lan\u010di\u0107 za dudu dostupan je u 3 prekrasna uzorka koje mo\u017eete kompletirati sa svojim dudama i ostalim Jan\u00e9 proizvodima.<\/p>\n<ul>\n<li>Lan\u010di\u0107 za dudu sastoji se od pamu\u010dne trakice i plasti\u010dnog dr\u017ea\u010da<\/li>\n<li>Plasti\u010dna kop\u010da \u2013 sigurnija i lak\u0161a za odr\u017eavanje od metalne<\/li>\n<li>Siguran i higijenski proizvod za va\u0161e dijete<\/li>\n<li>Atraktivan i moderan dizajn<\/li>\n<li><strong>Materijali:<\/strong> Pamuk i elastin<\/li>\n<li><strong>Dimenzije:<\/strong> 23 x 2,5 cm<\/li>\n<\/ul>\n","protected":false},"excerpt":{"rendered":"<p>Prakti\u010dni pamu\u010dni lan\u010di\u0107i atraktivnog dizajna koji \u0107e osigurati da se duda va\u0161e bebe vi\u0161e nikad ne izgubi!<\/p>\n","protected":false},"featured_media":286,"comment_status":"closed","ping_status":"closed","template":"","meta":[],"_links":{"self":[{"href":"https:\/\/wp-test.cro-digital.com\/index.php?rest_route=\/wp\/v2\/product\/200"}],"collection":[{"href":"https:\/\/wp-test.cro-digital.com\/index.php?rest_route=\/wp\/v2\/product"}],"about":[{"href":"https:\/\/wp-test.cro-digital.com\/index.php?rest_route=\/wp\/v2\/types\/product"}],"replies":[{"embeddable":true,"href":"https:\/\/wp-test.cro-digital.com\/index.php?rest_route=%2Fwp%2Fv2%2Fcomments&post=200"}],"wp:featuredmedia":[{"embeddable":true,"href":"https:\/\/wp-test.cro-digital.com\/index.php?rest_route=\/wp\/v2\/media\/286"}],"wp:attachment":[{"href":"https:\/\/wp-test.cro-digital.com\/index.php?rest_route=%2Fwp%2Fv2%2Fmedia&parent=200"}],"curies":[{"name":"wp","href":"https:\/\/api.w.org\/{rel}","templated":true}]}}