{"id":219,"date":"2020-11-03T18:22:49","date_gmt":"2020-11-03T17:22:49","guid":{"rendered":"https:\/\/wp-test.cro-digital.com\/?product=import-placeholder-for-17113"},"modified":"2020-11-03T18:24:45","modified_gmt":"2020-11-03T17:24:45","slug":"jane-smart-sklopiva-kadica","status":"publish","type":"product","link":"https:\/\/wp-test.cro-digital.com\/?product=jane-smart-sklopiva-kadica","title":{"rendered":"Jan\u00e9 Smart sklopiva kadica"},"content":{"rendered":"<p>Pametna kadica transformirat \u0107e va\u0161u kadu ili tu\u0161 kabinu u meku kadicu za va\u0161e dijete. Lagane je strukture, izdr\u017eljivog materijala, te sa bo\u010dne strane ima odjeljak u koji mo\u017eete staviti spu\u017evice, igra\u010dke i dje\u010dje \u0161ampone. Posebna je i po tome \u0161to ima odvod za ispu\u0161tanje vode, a jo\u0161 je i sklopiva, pa vam ne\u0107e oduzimati puno prostora. Uz sve to, pametna kadica mo\u017ee se koristiti od djetetovog ro\u0111enja, pa sve do 6 godina.<\/p>\n<ul>\n<li>Pogodna za kori\u0161tenje od ro\u0111enja do 6 godina starosti<\/li>\n<li>Koristi se u kadi ili tu\u0161 kabini<\/li>\n<li>Transformira \u0107e kadu ili tu\u0161 kabinu u sigurnu kadicu za va\u0161e dijete<\/li>\n<li>Lagana, izdr\u017eljiva i napravljena od materijala koji se brzo su\u0161i<\/li>\n<li>Sadr\u017ei odjeljke za spu\u017evice, igra\u010dke i dje\u010dje \u0161ampone<\/li>\n<li>Sklopiva kadica &#8211; malih dimenzija kad je sklopljena<\/li>\n<li>Lako odr\u017eavanje i brzo su\u0161enje<\/li>\n<li>Materijal otporan na plijesan<\/li>\n<li>Unutarnje dimenzije: 50 x 52 x 25 cm<\/li>\n<li>Vanjske dimenzije: 58 x 52 x 25 cm<\/li>\n<li>Dimenzije sklopljenog proizvoda: 58 x 52 x 9 cm<\/li>\n<li>Kapacitet: 56 litara<\/li>\n<li data-removefontsize=\"true\" data-originalcomputedfontsize=\"16\">100% siguran proizvod<\/li>\n<li data-removefontsize=\"true\" data-originalcomputedfontsize=\"16\">Ne sadr\u017ei: BPA, pvc, folfate, olovo<\/li>\n<\/ul>\n","protected":false},"excerpt":{"rendered":"<p>Pametna kadica transformirat \u0107e va\u0161u kadu ili tu\u0161 kabinu u meku kadicu za va\u0161e dijete. Posebna je i po tome \u0161to ima odvod za ispu\u0161tanje vode, a jo\u0161 je i sklopiva, pa vam ne\u0107e oduzimati puno prostora.<\/p>\n","protected":false},"featured_media":304,"comment_status":"closed","ping_status":"closed","template":"","meta":[],"_links":{"self":[{"href":"https:\/\/wp-test.cro-digital.com\/index.php?rest_route=\/wp\/v2\/product\/219"}],"collection":[{"href":"https:\/\/wp-test.cro-digital.com\/index.php?rest_route=\/wp\/v2\/product"}],"about":[{"href":"https:\/\/wp-test.cro-digital.com\/index.php?rest_route=\/wp\/v2\/types\/product"}],"replies":[{"embeddable":true,"href":"https:\/\/wp-test.cro-digital.com\/index.php?rest_route=%2Fwp%2Fv2%2Fcomments&post=219"}],"wp:featuredmedia":[{"embeddable":true,"href":"https:\/\/wp-test.cro-digital.com\/index.php?rest_route=\/wp\/v2\/media\/304"}],"wp:attachment":[{"href":"https:\/\/wp-test.cro-digital.com\/index.php?rest_route=%2Fwp%2Fv2%2Fmedia&parent=219"}],"curies":[{"name":"wp","href":"https:\/\/api.w.org\/{rel}","templated":true}]}}