{"id":221,"date":"2020-11-03T18:22:49","date_gmt":"2020-11-03T17:22:49","guid":{"rendered":"https:\/\/wp-test.cro-digital.com\/?product=import-placeholder-for-17308"},"modified":"2020-11-03T18:24:51","modified_gmt":"2020-11-03T17:24:51","slug":"jane-cloud-stalak-za-susenje-bocica","status":"publish","type":"product","link":"https:\/\/wp-test.cro-digital.com\/?product=jane-cloud-stalak-za-susenje-bocica","title":{"rendered":"Jane Cloud stalak za su\u0161enje bo\u010dica"},"content":{"rendered":"<p>Stalak za br\u017ee i prakti\u010dnije su\u0161enje bo\u010dica, sisa\u010da i duda. Jane Cloud nastao je s idejom kako bi kuhinja uvijek bila \u010dista i uredna dok se bo\u010dice va\u0161e bebe i ostali dijelovi su\u0161e na zraku.<\/p>\n<ul>\n<li>Su\u0161ilo za bo\u010dice, sisa\u010de i dude<\/li>\n<li>Mo\u017ee primiti do 18 bo\u010dica razli\u010ditih dimenzija istovremeno<\/li>\n<li>Sadr\u017ei postolje na koje \u0107e se cijediti voda &#8211; osigurava da se teku\u0107ina ne prolijeva po kuhinjskim elementima<\/li>\n<li>Dr\u017ea\u010di su odvojivi od postolja, \u0161to proizvod \u010dini lako prenosivim i prakti\u010dnim za spremanje<\/li>\n<li>\u0160tedi prostor i osigurava higijenu<\/li>\n<li>Dimenzije proizvoda: 30 x 22 x 30 cm<\/li>\n<\/ul>\n","protected":false},"excerpt":{"rendered":"<p>Stalak za br\u017ee i prakti\u010dnije su\u0161enje bo\u010dica, sisa\u010da i duda.<\/p>\n","protected":false},"featured_media":310,"comment_status":"closed","ping_status":"closed","template":"","meta":[],"_links":{"self":[{"href":"https:\/\/wp-test.cro-digital.com\/index.php?rest_route=\/wp\/v2\/product\/221"}],"collection":[{"href":"https:\/\/wp-test.cro-digital.com\/index.php?rest_route=\/wp\/v2\/product"}],"about":[{"href":"https:\/\/wp-test.cro-digital.com\/index.php?rest_route=\/wp\/v2\/types\/product"}],"replies":[{"embeddable":true,"href":"https:\/\/wp-test.cro-digital.com\/index.php?rest_route=%2Fwp%2Fv2%2Fcomments&post=221"}],"wp:featuredmedia":[{"embeddable":true,"href":"https:\/\/wp-test.cro-digital.com\/index.php?rest_route=\/wp\/v2\/media\/310"}],"wp:attachment":[{"href":"https:\/\/wp-test.cro-digital.com\/index.php?rest_route=%2Fwp%2Fv2%2Fmedia&parent=221"}],"curies":[{"name":"wp","href":"https:\/\/api.w.org\/{rel}","templated":true}]}}