{"id":222,"date":"2020-11-03T18:22:49","date_gmt":"2020-11-03T17:22:49","guid":{"rendered":"https:\/\/wp-test.cro-digital.com\/?product=import-placeholder-for-17332"},"modified":"2020-11-03T18:25:06","modified_gmt":"2020-11-03T17:25:06","slug":"jane-flowy-putna-kahlica","status":"publish","type":"product","link":"https:\/\/wp-test.cro-digital.com\/?product=jane-flowy-putna-kahlica","title":{"rendered":"Jane Flowy putna kahlica"},"content":{"rendered":"<p>Flowy je prakti\u010dna, kompaktna i vi\u0161enamjenska sklopiva kahlica idealna za putovanja ili za kori\u0161tenje doma kao nastava za toalet. Putna kahlica nudi dvije visine kako bi omogu\u0107ila udobniji polo\u017eaj za va\u0161e dijete. Izuzetno je sigurna zahvaljuju\u0107i protuklizaju\u0107oj podlozi na podno\u017eju kahlice, a uklju\u010duje i torbu koja olak\u0161ava prijenos te jam\u010di higijenu. Putna kahlica koristi se sa pripadaju\u0107im vre\u0107icama.<\/p>\n<ul>\n<li>Namijenjeno za kori\u0161tenje od 12+ mjeseci<\/li>\n<li>Putna kahlica ili nastavak za toalet<\/li>\n<li>Idealna za period odvikavanja od pelena<\/li>\n<li>Sklopiva &#8211; jednostavna za spremanje<\/li>\n<li>2 visine: Prva visina (od poda) 13 cm i druga visina (od poda)17 cm<\/li>\n<li>Podno\u017eje s neklizaju\u0107om gumom koja sprije\u010dava klizanje, pad ili tragove na podu<\/li>\n<li>Ergonomski oblikovana<\/li>\n<li>Uz kupnju Flowy kahlice uklju\u010deno je 10 rezervnih vre\u0107ica, a dodatne vre\u0107ice mogu se kupiti zasebno<\/li>\n<li>Uklju\u010duje torbu za prijenos kahlice koja olak\u0161ava no\u0161enje i jam\u010di higijenu<\/li>\n<li>Dimenzije kahlice: 27 x 30 x 9 cm<\/li>\n<li>Dimenzije sklopljene kahlice: 26,5 x 27 x 5 cm<\/li>\n<\/ul>\n","protected":false},"excerpt":{"rendered":"<p>Sklopiva putna kahlica idealan je za obiteljska putovanja! Ona je higijenska, udobna, kompaktna i vrlo prakti\u010dna.<\/p>\n","protected":false},"featured_media":313,"comment_status":"closed","ping_status":"closed","template":"","meta":[],"_links":{"self":[{"href":"https:\/\/wp-test.cro-digital.com\/index.php?rest_route=\/wp\/v2\/product\/222"}],"collection":[{"href":"https:\/\/wp-test.cro-digital.com\/index.php?rest_route=\/wp\/v2\/product"}],"about":[{"href":"https:\/\/wp-test.cro-digital.com\/index.php?rest_route=\/wp\/v2\/types\/product"}],"replies":[{"embeddable":true,"href":"https:\/\/wp-test.cro-digital.com\/index.php?rest_route=%2Fwp%2Fv2%2Fcomments&post=222"}],"wp:featuredmedia":[{"embeddable":true,"href":"https:\/\/wp-test.cro-digital.com\/index.php?rest_route=\/wp\/v2\/media\/313"}],"wp:attachment":[{"href":"https:\/\/wp-test.cro-digital.com\/index.php?rest_route=%2Fwp%2Fv2%2Fmedia&parent=222"}],"curies":[{"name":"wp","href":"https:\/\/api.w.org\/{rel}","templated":true}]}}