{"id":225,"date":"2020-11-03T18:22:50","date_gmt":"2020-11-03T17:22:50","guid":{"rendered":"https:\/\/wp-test.cro-digital.com\/?product=import-placeholder-for-17352"},"modified":"2020-11-03T18:25:18","modified_gmt":"2020-11-03T17:25:18","slug":"jane-hidrofilna-spuzva-2-kom","status":"publish","type":"product","link":"https:\/\/wp-test.cro-digital.com\/?product=jane-hidrofilna-spuzva-2-kom","title":{"rendered":"Jane hidrofilna spu\u017eva (2 kom)"},"content":{"rendered":"<p>Ko\u017ea va\u0161e bebe bit \u0107e njegovana, meka i \u010dista s Jan\u00e9 hidrofilnom spu\u017evicom. Dugotrajna prirodna spu\u017evica sadr\u017ei male pore, te je brzo upijaju\u0107a. Zbog svoje meko\u0107e Jane hidrofilna spu\u017evica savr\u0161eno \u0107e \u0161tititi i njegovati ko\u017eu va\u0161e bebe \u010dak od ro\u0111enja.<\/p>\n<ul>\n<li>Prirodna spu\u017evica za kupanje<\/li>\n<li>Meka, brzo upijaju\u0107a, dugotrajna spu\u017evica s malim porama<\/li>\n<li>Preporu\u010duje se za novoro\u0111en\u010de<\/li>\n<\/ul>\n","protected":false},"excerpt":{"rendered":"<p>Zbog svoje meko\u0107e Jane hidrofilna spu\u017evica savr\u0161eno \u0107e \u0161tititi i njegovati ko\u017eu va\u0161e bebe \u010dak od ro\u0111enja.<\/p>\n","protected":false},"featured_media":329,"comment_status":"closed","ping_status":"closed","template":"","meta":[],"_links":{"self":[{"href":"https:\/\/wp-test.cro-digital.com\/index.php?rest_route=\/wp\/v2\/product\/225"}],"collection":[{"href":"https:\/\/wp-test.cro-digital.com\/index.php?rest_route=\/wp\/v2\/product"}],"about":[{"href":"https:\/\/wp-test.cro-digital.com\/index.php?rest_route=\/wp\/v2\/types\/product"}],"replies":[{"embeddable":true,"href":"https:\/\/wp-test.cro-digital.com\/index.php?rest_route=%2Fwp%2Fv2%2Fcomments&post=225"}],"wp:featuredmedia":[{"embeddable":true,"href":"https:\/\/wp-test.cro-digital.com\/index.php?rest_route=\/wp\/v2\/media\/329"}],"wp:attachment":[{"href":"https:\/\/wp-test.cro-digital.com\/index.php?rest_route=%2Fwp%2Fv2%2Fmedia&parent=225"}],"curies":[{"name":"wp","href":"https:\/\/api.w.org\/{rel}","templated":true}]}}