{"id":24,"date":"2020-11-03T18:19:09","date_gmt":"2020-11-03T17:19:09","guid":{"rendered":"https:\/\/wp-test.cro-digital.com\/?product=import-placeholder-for-050289-s58"},"modified":"2020-11-03T18:21:31","modified_gmt":"2020-11-03T17:21:31","slug":"jane-jastuk-za-dojenje-2u1-star","status":"publish","type":"product","link":"https:\/\/wp-test.cro-digital.com\/?product=jane-jastuk-za-dojenje-2u1-star","title":{"rendered":"Jane jastuk za dojenje 2u1 &#8211; Star"},"content":{"rendered":"<p>Jastuk za dojenje ujedno je i jastuk za odmor, te prva le\u017ealjka i \u0161titnik. Jastuk za dojenje\/odmor punjen je mekim mikro kuglicama polistirena, te sadr\u017ei pojas zbog kojeg \u0107e va\u0161a beba u ovom gnjezda\u0161cu prilikom spavanja osje\u0107ati sigurnost, udobnost i toplinu.<\/p>\n<ul>\n<li>Pogodno za kori\u0161tenje od ro\u0111enja<\/li>\n<li>Jastuk za dojenje, odmor, spavanje<\/li>\n<li>Uklju\u010duje navlaku sa za\u0161titnim remenjem kako bi mogla slu\u017eiti kao le\u017ealjka za bebu<\/li>\n<li>Navlake su skidive i perive<\/li>\n<li>Navlaka: 100% pamuk<\/li>\n<li>Punjenje: mikro kuglice polistirena -promjera 0,5-1 mm<\/li>\n<li>Dolazi u 2 uzorka<\/li>\n<li>Dimenzije: 150 x 100 cm<\/li>\n<\/ul>\n<p>&nbsp;<\/p>\n<p>&nbsp;<\/p>\n","protected":false},"excerpt":{"rendered":"<p>Jastuk za dojenje ujedno je i jastuk za odmor, te prva le\u017ealjka i \u0161titnik.<\/p>\n","protected":false},"featured_media":152,"comment_status":"closed","ping_status":"closed","template":"","meta":[],"_links":{"self":[{"href":"https:\/\/wp-test.cro-digital.com\/index.php?rest_route=\/wp\/v2\/product\/24"}],"collection":[{"href":"https:\/\/wp-test.cro-digital.com\/index.php?rest_route=\/wp\/v2\/product"}],"about":[{"href":"https:\/\/wp-test.cro-digital.com\/index.php?rest_route=\/wp\/v2\/types\/product"}],"replies":[{"embeddable":true,"href":"https:\/\/wp-test.cro-digital.com\/index.php?rest_route=%2Fwp%2Fv2%2Fcomments&post=24"}],"wp:featuredmedia":[{"embeddable":true,"href":"https:\/\/wp-test.cro-digital.com\/index.php?rest_route=\/wp\/v2\/media\/152"}],"wp:attachment":[{"href":"https:\/\/wp-test.cro-digital.com\/index.php?rest_route=%2Fwp%2Fv2%2Fmedia&parent=24"}],"curies":[{"name":"wp","href":"https:\/\/api.w.org\/{rel}","templated":true}]}}