{"id":240,"date":"2020-11-03T18:23:14","date_gmt":"2020-11-03T17:23:14","guid":{"rendered":"https:\/\/wp-test.cro-digital.com\/?product=import-placeholder-for-17363"},"modified":"2020-11-03T18:29:52","modified_gmt":"2020-11-03T17:29:52","slug":"jane-kutijica-za-dudu","status":"publish","type":"product","link":"https:\/\/wp-test.cro-digital.com\/?product=jane-kutijica-za-dudu","title":{"rendered":"Jane kutijica za dudu"},"content":{"rendered":"<p>Kutijica za pohranu \u010dak dvije dude varalice. Ona osigurava da duda va\u0161eg mali\u0161ana bude na za\u0161ti\u0107enom i \u010distom mjestu, uvijek spremna za kori\u0161tenje! Ru\u010dka koja se nalazi na kutijici omogu\u0107ava da ju objesite za kolica ili torbu, a to je ono \u0161to \u010dini ovaj proizvod jo\u0161 prakti\u010dnijim za kori\u0161tenje.<\/p>\n<ul>\n<li>Za higijensko i prakti\u010dno odlaganje i prijenos va\u0161ih duda<\/li>\n<li>Mo\u017eete se objesiti na kolica ili torbu<\/li>\n<li>Jednostavno otvaranje<\/li>\n<li>U kutijicu stanu dvije dude<\/li>\n<li>Kutijica se mo\u017ee sterilizirati<\/li>\n<li>Jednostavno za odr\u017eavanje \u2013 mo\u017ee se prati u perilici posu\u0111a<\/li>\n<li>Dostupna u 3 prekrasne nijanse<\/li>\n<li>100% siguran proizvod<\/li>\n<li>Ne sadr\u017ei: BPA, pvc, folfate, olovo<\/li>\n<li>Dimenzije: 10 x 7 cm<\/li>\n<\/ul>\n","protected":false},"excerpt":{"rendered":"<p>Kutijica za pohranu \u010dak dvije dude varalice. Ona osigurava da duda va\u0161eg mali\u0161ana bude na za\u0161ti\u0107enom i \u010distom mjestu, uvijek spremna za kori\u0161tenje!<\/p>\n","protected":false},"featured_media":332,"comment_status":"closed","ping_status":"closed","template":"","meta":[],"_links":{"self":[{"href":"https:\/\/wp-test.cro-digital.com\/index.php?rest_route=\/wp\/v2\/product\/240"}],"collection":[{"href":"https:\/\/wp-test.cro-digital.com\/index.php?rest_route=\/wp\/v2\/product"}],"about":[{"href":"https:\/\/wp-test.cro-digital.com\/index.php?rest_route=\/wp\/v2\/types\/product"}],"replies":[{"embeddable":true,"href":"https:\/\/wp-test.cro-digital.com\/index.php?rest_route=%2Fwp%2Fv2%2Fcomments&post=240"}],"wp:featuredmedia":[{"embeddable":true,"href":"https:\/\/wp-test.cro-digital.com\/index.php?rest_route=\/wp\/v2\/media\/332"}],"wp:attachment":[{"href":"https:\/\/wp-test.cro-digital.com\/index.php?rest_route=%2Fwp%2Fv2%2Fmedia&parent=240"}],"curies":[{"name":"wp","href":"https:\/\/api.w.org\/{rel}","templated":true}]}}