{"id":241,"date":"2020-11-03T18:23:14","date_gmt":"2020-11-03T17:23:14","guid":{"rendered":"https:\/\/wp-test.cro-digital.com\/?product=import-placeholder-for-17368"},"modified":"2020-11-03T18:25:31","modified_gmt":"2020-11-03T17:25:31","slug":"jane-grickalica-od-prirodnog-lateksa-bronze","status":"publish","type":"product","link":"https:\/\/wp-test.cro-digital.com\/?product=jane-grickalica-od-prirodnog-lateksa-bronze","title":{"rendered":"Jane grickalica od prirodnog lateksa &#8211; Bronze"},"content":{"rendered":"<p>Grickalica za zube u obliku ze\u010di\u0107a napravljena od prirodnog lateksa dobivenog iz drveta kau\u010dukovca. <span style=\"font-family: 'Arial',sans-serif;\">Mekani prsten s<\/span><span style=\"font-family: 'Arial',sans-serif;\">lu\u017ei kao igra\u010dka ili kao grickalica za ubla\u017eavanje nelagode kod rasta zubi i za masa\u017eu bolnih desni. <\/span>Maleni desni obo\u017eavat \u0107e teksturu kau\u010duka! Zbog svoje meke strukture i oblika prirodna grickalica svr\u0161eno \u0107e odgovarati malenim ru\u010dicama. Neka grickalica od prirodnog lateksa uvedite va\u0161u bebu u zdrave \u017eivotne navike ve\u0107 od najmanje dobi.<\/p>\n<ul>\n<li>Grickalica od stopostotnog prirodnog lateksa dobivenog iz kau\u010dkovca.<\/li>\n<li>Koristi se i kao igra\u010dka.<\/li>\n<li>Nema rupa tako da se va\u0161 mali\u0161an s njom mo\u017ee igrati i u kadi, bez opasnosti od stvaranja bakterija i plijesni.<\/li>\n<li>Obojana sa sigurnim i prirodnim bojama.<\/li>\n<li>Proizvod je ekolo\u0161ki, biorazgradiv i prijateljski prema okoli\u0161u.<\/li>\n<li>Antibakterijski i visoko higijeni\u010dan proizvod.<\/li>\n<li>Mekana i jednostavna za dr\u017eanje, te sigurna za \u017evakanje.<\/li>\n<li>Kako biste o\u010distili grickalicu, jednostavno je operite u vodi i deterd\u017eentu za su\u0111e.<\/li>\n<li>Dimenzije proizvoda: 21 x 9 cm<\/li>\n<li data-removefontsize=\"true\" data-originalcomputedfontsize=\"16\">100% siguran proizvod<\/li>\n<li data-removefontsize=\"true\" data-originalcomputedfontsize=\"16\">Ne sadr\u017ei: BPA, pvc, folfate, olovo<\/li>\n<\/ul>\n","protected":false},"excerpt":{"rendered":"<p>Neka grickalica od prirodnog lateksa uvedite va\u0161u bebu u zdrave \u017eivotne navike ve\u0107 od najmanje dobi.<\/p>\n","protected":false},"featured_media":336,"comment_status":"closed","ping_status":"closed","template":"","meta":[],"_links":{"self":[{"href":"https:\/\/wp-test.cro-digital.com\/index.php?rest_route=\/wp\/v2\/product\/241"}],"collection":[{"href":"https:\/\/wp-test.cro-digital.com\/index.php?rest_route=\/wp\/v2\/product"}],"about":[{"href":"https:\/\/wp-test.cro-digital.com\/index.php?rest_route=\/wp\/v2\/types\/product"}],"replies":[{"embeddable":true,"href":"https:\/\/wp-test.cro-digital.com\/index.php?rest_route=%2Fwp%2Fv2%2Fcomments&post=241"}],"wp:featuredmedia":[{"embeddable":true,"href":"https:\/\/wp-test.cro-digital.com\/index.php?rest_route=\/wp\/v2\/media\/336"}],"wp:attachment":[{"href":"https:\/\/wp-test.cro-digital.com\/index.php?rest_route=%2Fwp%2Fv2%2Fmedia&parent=241"}],"curies":[{"name":"wp","href":"https:\/\/api.w.org\/{rel}","templated":true}]}}