{"id":26,"date":"2020-11-03T18:19:09","date_gmt":"2020-11-03T17:19:09","guid":{"rendered":"https:\/\/wp-test.cro-digital.com\/?product=import-placeholder-for-080261-s58"},"modified":"2020-11-03T18:34:36","modified_gmt":"2020-11-03T17:34:36","slug":"jane-multifunkcionalni-madrac-star","status":"publish","type":"product","link":"https:\/\/wp-test.cro-digital.com\/?product=jane-multifunkcionalni-madrac-star","title":{"rendered":"Jan\u00e9 multifunkcionalni madrac &#8211; Star"},"content":{"rendered":"<p style=\"text-align: left;\">Ugodan i prakti\u010dan multifunkcionalni madrac omogu\u0107it \u0107e va\u0161oj bebi mirne snove kod ku\u0107e, ali i na putovanju. Madrac je izra\u0111en od mekane spu\u017eve, a mo\u017ee se koristiti kao madrac za putni kreveti\u0107 ili samostalno kao podloga za igru i odmor. Kad se zamota izuzetno je malih dimenzija, te uklju\u010duje i torbu pa \u0107e iz tog razloga biti idealan suputnik na putovanjima.<\/p>\n<ul>\n<li>Multifunkcionalni madrac<\/li>\n<li>Namijenjen za kori\u0161tenje od ro\u0111enja<\/li>\n<li>Sadr\u017ei mekanu navlaku i mre\u017easti donji dio radi boljeg protoka zraka<\/li>\n<li>Prozra\u010dan, udoban i prakti\u010dan madrac<\/li>\n<li>Mo\u017ee se zamotati, a kad je zamotan izuzetno je malih dimenzija<\/li>\n<li>Uklju\u010duje torbu koja ga \u0161titi od prljanja, te omogu\u0107uje lak\u0161i prijenos<\/li>\n<li>Punjenje: spu\u017eva<\/li>\n<li><strong>Dimenzije madraca:<\/strong> 115 x 59 x 5 cm<\/li>\n<\/ul>\n","protected":false},"excerpt":{"rendered":"<p>Ugodan i prakti\u010dan multifunkcionalni madrac omogu\u0107it \u0107e va\u0161oj bebi mirne snove kod ku\u0107e, ali i na putovanju.<\/p>\n","protected":false},"featured_media":694,"comment_status":"closed","ping_status":"closed","template":"","meta":[],"_links":{"self":[{"href":"https:\/\/wp-test.cro-digital.com\/index.php?rest_route=\/wp\/v2\/product\/26"}],"collection":[{"href":"https:\/\/wp-test.cro-digital.com\/index.php?rest_route=\/wp\/v2\/product"}],"about":[{"href":"https:\/\/wp-test.cro-digital.com\/index.php?rest_route=\/wp\/v2\/types\/product"}],"replies":[{"embeddable":true,"href":"https:\/\/wp-test.cro-digital.com\/index.php?rest_route=%2Fwp%2Fv2%2Fcomments&post=26"}],"wp:featuredmedia":[{"embeddable":true,"href":"https:\/\/wp-test.cro-digital.com\/index.php?rest_route=\/wp\/v2\/media\/694"}],"wp:attachment":[{"href":"https:\/\/wp-test.cro-digital.com\/index.php?rest_route=%2Fwp%2Fv2%2Fmedia&parent=26"}],"curies":[{"name":"wp","href":"https:\/\/api.w.org\/{rel}","templated":true}]}}