{"id":266,"date":"2020-11-03T18:23:43","date_gmt":"2020-11-03T17:23:43","guid":{"rendered":"https:\/\/wp-test.cro-digital.com\/?product=import-placeholder-for-17824"},"modified":"2020-11-03T18:26:03","modified_gmt":"2020-11-03T17:26:03","slug":"jane-multifunkcionalni-metalni-drzac","status":"publish","type":"product","link":"https:\/\/wp-test.cro-digital.com\/?product=jane-multifunkcionalni-metalni-drzac","title":{"rendered":"Jan\u00e9 multifunkcionalni metalni dr\u017ea\u010d"},"content":{"rendered":"<p>Paket uklju\u010duje 2 metalna dr\u017ea\u010da koje mo\u017eete koristiti na kolicima, kreveti\u0107u ili u automobilu. Zahvaljuju\u0107i malim dimenzijama mo\u017eete ih nositi u d\u017eepu ili torbi tako da ih uvijek imate pri ruci kada ih zatrebate. Metalne kukice se brzo i lagano montiraju pomo\u0107u trakica sa \u010di\u010dkom. Metalni dr\u017ea\u010di su izuzetno kompaktni i \u010dvrsti, pa tako svaki mo\u017ee nositi i do 10 kg.<\/p>\n<ul>\n<li>Univerzalni dr\u017ea\u010di<\/li>\n<li>Male dimenzije &#8211; stanu u d\u017eep ili u torbu<\/li>\n<li>Nosivost svakog dr\u017ea\u010da: 10 kg<\/li>\n<li>Materijali: aluminij (kop\u010da) i eko ko\u017ea (trakice za pri\u010dvr\u0161\u0107ivanje)<\/li>\n<li>Dimenzije dr\u017ea\u010da: 21 x 4 cm<\/li>\n<li>Duljina kop\u010de: 8 cm<\/li>\n<\/ul>\n","protected":false},"excerpt":{"rendered":"<p>Univerzalni dr\u017ea\u010di malih dimenzija koje mo\u017eete nositi u d\u017eepu ili torbi tako da ih imate pri ruci kada ih zatrebate.<\/p>\n","protected":false},"featured_media":361,"comment_status":"closed","ping_status":"closed","template":"","meta":[],"_links":{"self":[{"href":"https:\/\/wp-test.cro-digital.com\/index.php?rest_route=\/wp\/v2\/product\/266"}],"collection":[{"href":"https:\/\/wp-test.cro-digital.com\/index.php?rest_route=\/wp\/v2\/product"}],"about":[{"href":"https:\/\/wp-test.cro-digital.com\/index.php?rest_route=\/wp\/v2\/types\/product"}],"replies":[{"embeddable":true,"href":"https:\/\/wp-test.cro-digital.com\/index.php?rest_route=%2Fwp%2Fv2%2Fcomments&post=266"}],"wp:featuredmedia":[{"embeddable":true,"href":"https:\/\/wp-test.cro-digital.com\/index.php?rest_route=\/wp\/v2\/media\/361"}],"wp:attachment":[{"href":"https:\/\/wp-test.cro-digital.com\/index.php?rest_route=%2Fwp%2Fv2%2Fmedia&parent=266"}],"curies":[{"name":"wp","href":"https:\/\/api.w.org\/{rel}","templated":true}]}}