{"id":268,"date":"2020-11-03T18:23:43","date_gmt":"2020-11-03T17:23:43","guid":{"rendered":"https:\/\/wp-test.cro-digital.com\/?product=import-placeholder-for-18726"},"modified":"2020-11-03T18:26:14","modified_gmt":"2020-11-03T17:26:14","slug":"jane-set-za-higijenu-bronze","status":"publish","type":"product","link":"https:\/\/wp-test.cro-digital.com\/?product=jane-set-za-higijenu-bronze","title":{"rendered":"Jan\u00e9 set za higijenu &#8211; Bronze"},"content":{"rendered":"<p>Prekrasan set sadr\u017ei sve potrebne rekvizite za njegu va\u0161e bebe. Idealan je za odr\u017eavanje bebine higijene, a mo\u017ee se koristiti od ro\u0111enja do adolescencije. Set za higijenu dolazi u kompaktnoj toaletnoj torbici koju mo\u017eete ponijeti i na putovanje.<\/p>\n<p><strong>Jan\u00e9ov set za higijenu sadr\u017ei:<\/strong>\u00a0\u010de\u0161alj, \u010detku s prirodnim vlaknima, \u0161karice s tupim vrhom, 4 ra\u0161pice za nokte, grickalicu za nokte, \u010detkicu za zube i termometar za vodu.<\/p>\n<div>\n<ul>\n<li>Namijenjeno za kori\u0161tenje od ro\u0111enja<\/li>\n<li>Set za higijenu bebe sa za\u0161titnom toaletnom torbicom<\/li>\n<li>Pogodno za kori\u0161tenje od ro\u0111enja<\/li>\n<li>Idealno za njegu i higijenu va\u0161e bebe<\/li>\n<li>Za\u0161titna toaletna torba s patentnim zatvara\u010dem &#8211; idealno na putovanjima jer \u0107e bebine stvari dr\u017eati zatvorenima i \u010distima<\/li>\n<li>Dimenzije proizvoda: 32,5 \u00d7 27,5 cm<\/li>\n<\/ul>\n<\/div>\n","protected":false},"excerpt":{"rendered":"<p>Prekrasan set sadr\u017ei sve potrebne rekvizite za njegu va\u0161e bebe. Set za higijenu dolazi u kompaktnoj toaletnoj tobici koju mo\u017eete ponijeti i na putovanje.<\/p>\n","protected":false},"featured_media":369,"comment_status":"closed","ping_status":"closed","template":"","meta":[],"_links":{"self":[{"href":"https:\/\/wp-test.cro-digital.com\/index.php?rest_route=\/wp\/v2\/product\/268"}],"collection":[{"href":"https:\/\/wp-test.cro-digital.com\/index.php?rest_route=\/wp\/v2\/product"}],"about":[{"href":"https:\/\/wp-test.cro-digital.com\/index.php?rest_route=\/wp\/v2\/types\/product"}],"replies":[{"embeddable":true,"href":"https:\/\/wp-test.cro-digital.com\/index.php?rest_route=%2Fwp%2Fv2%2Fcomments&post=268"}],"wp:featuredmedia":[{"embeddable":true,"href":"https:\/\/wp-test.cro-digital.com\/index.php?rest_route=\/wp\/v2\/media\/369"}],"wp:attachment":[{"href":"https:\/\/wp-test.cro-digital.com\/index.php?rest_route=%2Fwp%2Fv2%2Fmedia&parent=268"}],"curies":[{"name":"wp","href":"https:\/\/api.w.org\/{rel}","templated":true}]}}