{"id":27,"date":"2020-11-03T18:19:09","date_gmt":"2020-11-03T17:19:09","guid":{"rendered":"https:\/\/wp-test.cro-digital.com\/?product=import-placeholder-for-080260-s91"},"modified":"2020-11-03T18:20:59","modified_gmt":"2020-11-03T17:20:59","slug":"jane-podloga-za-prematanje-woods","status":"publish","type":"product","link":"https:\/\/wp-test.cro-digital.com\/?product=jane-podloga-za-prematanje-woods","title":{"rendered":"Jane podloga za prematanje &#8211; Woods"},"content":{"rendered":"<p>Meka i udobna podloga za prematanje s povi\u0161enim bo\u010dnim stranicama koje \u0107e se pobrinuti za sigurnost va\u0161e bebe tijekom previjanja. Prekrasna podloga ukra\u0161ena motivima zvjezdica namijenjena je za uporabu na komodi ili na bilo kojoj stabilnoj i ravnoj povr\u0161ini. Jane-ova podloga za prematanje ispunjena je mekom spu\u017evom i presvu\u010dena je plastificiranom presvlakom koja je vrlo jednostavna za odr\u017eavanje.<\/p>\n<ul>\n<li data-removefontsize=\"true\" data-originalcomputedfontsize=\"16\">Meka i udobna podloga za prematanje.<\/li>\n<li data-removefontsize=\"true\" data-originalcomputedfontsize=\"16\">Sadr\u017ei povi\u0161ene bo\u010dne stranice &#8211; \u0161tite dijete od pada, odnosno od pomicanja sa centra podloge.<\/li>\n<li data-removefontsize=\"true\" data-originalcomputedfontsize=\"16\">Mo\u017ee se koristiti na komodi ili na bilo kojoj stabilnoj i ravnoj povr\u0161ini.<\/li>\n<li data-removefontsize=\"true\" data-originalcomputedfontsize=\"16\">Nepropusne podloga.<\/li>\n<li data-removefontsize=\"true\" data-originalcomputedfontsize=\"16\">Jednostavno za odr\u017eavanje.<\/li>\n<li data-removefontsize=\"true\" data-originalcomputedfontsize=\"16\">Dimenzije proizvoda: 67 x 43 x 10 cm<\/li>\n<li data-removefontsize=\"true\" data-originalcomputedfontsize=\"16\">100% siguran proizvod<\/li>\n<li data-removefontsize=\"true\" data-originalcomputedfontsize=\"16\">Ne sadr\u017ei: BPA, pvc, folfate, olovo<\/li>\n<\/ul>\n","protected":false},"excerpt":{"rendered":"<p>Meka i udobna podloga za prematanje namijenjena je za uporabu na komodi ili na bilo kojoj stabilnoj i ravnoj povr\u0161ini.<\/p>\n","protected":false},"featured_media":137,"comment_status":"closed","ping_status":"closed","template":"","meta":[],"_links":{"self":[{"href":"https:\/\/wp-test.cro-digital.com\/index.php?rest_route=\/wp\/v2\/product\/27"}],"collection":[{"href":"https:\/\/wp-test.cro-digital.com\/index.php?rest_route=\/wp\/v2\/product"}],"about":[{"href":"https:\/\/wp-test.cro-digital.com\/index.php?rest_route=\/wp\/v2\/types\/product"}],"replies":[{"embeddable":true,"href":"https:\/\/wp-test.cro-digital.com\/index.php?rest_route=%2Fwp%2Fv2%2Fcomments&post=27"}],"wp:featuredmedia":[{"embeddable":true,"href":"https:\/\/wp-test.cro-digital.com\/index.php?rest_route=\/wp\/v2\/media\/137"}],"wp:attachment":[{"href":"https:\/\/wp-test.cro-digital.com\/index.php?rest_route=%2Fwp%2Fv2%2Fmedia&parent=27"}],"curies":[{"name":"wp","href":"https:\/\/api.w.org\/{rel}","templated":true}]}}