{"id":29,"date":"2020-11-03T18:19:09","date_gmt":"2020-11-03T17:19:09","guid":{"rendered":"https:\/\/wp-test.cro-digital.com\/?product=import-placeholder-for-11824"},"modified":"2020-11-03T18:19:46","modified_gmt":"2020-11-03T17:19:46","slug":"jane-travel-fun-vrtic-stars","status":"publish","type":"product","link":"https:\/\/wp-test.cro-digital.com\/?product=jane-travel-fun-vrtic-stars","title":{"rendered":"Jan\u00e9 Travel Fun vrti\u0107 &#8211; Stars"},"content":{"rendered":"<p>Vrti\u0107 Travel Fun idealno je rije\u0161enje kako kod ku\u0107e, tako i na putovanju jer \u0107e va\u0161em mali\u0161anu pru\u017eiti njegov sigurni kutak za odmor i igru. Dje\u010dji vrti\u0107 modernog dizajna sadr\u017ei luk s igra\u010dkama za zabavu va\u0161eg djeteta, te prozor\u010di\u0107 koji se mo\u017ee otvarati i zatvarati kako bi dijete lak\u0161e izlazilo i ulazilo dok se igra u vrti\u0107u. Gornji rub vrti\u0107a oblo\u017een je mekanim, ugodnim materijalom, a bo\u010dne stranice su prozirne kako bi vas beba mogla vidjeti, a i vi nju.<\/p>\n<ul>\n<li>Pogodan za kori\u0161tenje od ro\u0111enja do 3 godine starosti<\/li>\n<li>Idealan za prve dje\u010dje igre<\/li>\n<li>Jednostavan za sklapanje i preno\u0161enje<\/li>\n<li>Uklju\u010duje putnu torbu za lak\u0161i transport<\/li>\n<li>Sadr\u017ei kota\u010di\u0107e na zadnjim no\u017eicama &#8211; jednostavnije manevriranje i preno\u0161enje<\/li>\n<li>Mogu\u0107nost otvaranja jedne stranice za samostalan ulaz i izlaz djeteta<\/li>\n<li>100% aluminijska konstrukcija<\/li>\n<li>Dimenzije podloge za igranje: 90 x 90<\/li>\n<li>Dimenzije proizvoda: 98 x 101 x 80 cm<\/li>\n<li>Dimenzije sklopljenog proizvoda: 27 x 27 x 83 cm<\/li>\n<li>Te\u017eina proizvoda: 10,5 kg<\/li>\n<\/ul>\n<p>&nbsp;<\/p>\n","protected":false},"excerpt":{"rendered":"<p>Vrti\u0107 Travel Fun idealno je rije\u0161enje kako kod ku\u0107e, tako i na putovanju jer \u0107e va\u0161em mali\u0161anu pru\u017eiti njegov sigurni kutak za odmor i igru.<\/p>\n","protected":false},"featured_media":76,"comment_status":"closed","ping_status":"closed","template":"","meta":[],"_links":{"self":[{"href":"https:\/\/wp-test.cro-digital.com\/index.php?rest_route=\/wp\/v2\/product\/29"}],"collection":[{"href":"https:\/\/wp-test.cro-digital.com\/index.php?rest_route=\/wp\/v2\/product"}],"about":[{"href":"https:\/\/wp-test.cro-digital.com\/index.php?rest_route=\/wp\/v2\/types\/product"}],"replies":[{"embeddable":true,"href":"https:\/\/wp-test.cro-digital.com\/index.php?rest_route=%2Fwp%2Fv2%2Fcomments&post=29"}],"wp:featuredmedia":[{"embeddable":true,"href":"https:\/\/wp-test.cro-digital.com\/index.php?rest_route=\/wp\/v2\/media\/76"}],"wp:attachment":[{"href":"https:\/\/wp-test.cro-digital.com\/index.php?rest_route=%2Fwp%2Fv2%2Fmedia&parent=29"}],"curies":[{"name":"wp","href":"https:\/\/api.w.org\/{rel}","templated":true}]}}