{"id":290,"date":"2020-11-03T18:24:13","date_gmt":"2020-11-03T17:24:13","guid":{"rendered":"https:\/\/wp-test.cro-digital.com\/?product=import-placeholder-for-18799"},"modified":"2020-11-03T18:27:12","modified_gmt":"2020-11-03T17:27:12","slug":"rolo-sjenilo-za-auto-jane","status":"publish","type":"product","link":"https:\/\/wp-test.cro-digital.com\/?product=rolo-sjenilo-za-auto-jane","title":{"rendered":"Rolo sjenilo za auto &#8211; Jane"},"content":{"rendered":"<p style=\"text-align: left;\">Janeova rolo sjenila za auto pobrinut \u0107e da va\u0161im mali\u0161anima svako putovanje bude ugodnije! Sjenila ukra\u0161ena motivima bijelih zvjezdica \u0161titit \u0107e ih od sun\u010deve svjetlosti, no ne\u0107e im blokirati pogled prema van. Dodatna je prednost i to \u0161to ih pritiskom na gumb automatski mo\u017eete podi\u0107i kada vam vi\u0161e ne\u0107e potrebni.<\/p>\n<ul>\n<li><strong>Pakiranje sadr\u017ei 2 rolo sjenila za prozore automobila<\/strong><\/li>\n<li>Idealno za putovanja u sun\u010danim danima<\/li>\n<li>\u0160titi dijete od sun\u010devih zraka bez onemogu\u0107avanja pogleda kroz prozor<\/li>\n<li>Sklopivo &#8211; lako za prijenos i pohranu<\/li>\n<li>Crna strana &#8211; vanjski dio automobila; oslikana strana &#8211; unutarnja strana automobila koja \u0107e zabavljati va\u0161e dijete tijekom putovanja<\/li>\n<li>Postavljanje pomo\u0107u vakuumskih priljepaka<\/li>\n<li>Lako postavljanje &#8211; mo\u017ee se postaviti vertikalno i horizontalno<\/li>\n<li>Idealno za velike prozore na svim terenskim vozilima i osobnim automobilima<\/li>\n<li>Pritiskom na gumb u donjem dijelu zavjesa \u0107e se automatski zamotati<\/li>\n<li>Poseban dizajn za zabavu va\u0161eg djeteta<\/li>\n<li><strong>Dimenzije proizvoda:<\/strong> 50 x 36 cm<\/li>\n<\/ul>\n","protected":false},"excerpt":{"rendered":"<p>Rolo sjenila ukra\u0161ena motivima bijelih zvjezdica \u0161titit \u0107e va\u0161e mali\u0161ane od sun\u010deve svjetlosti, no ne\u0107e im blokirati pogled prema van.<\/p>\n","protected":false},"featured_media":412,"comment_status":"closed","ping_status":"closed","template":"","meta":[],"_links":{"self":[{"href":"https:\/\/wp-test.cro-digital.com\/index.php?rest_route=\/wp\/v2\/product\/290"}],"collection":[{"href":"https:\/\/wp-test.cro-digital.com\/index.php?rest_route=\/wp\/v2\/product"}],"about":[{"href":"https:\/\/wp-test.cro-digital.com\/index.php?rest_route=\/wp\/v2\/types\/product"}],"replies":[{"embeddable":true,"href":"https:\/\/wp-test.cro-digital.com\/index.php?rest_route=%2Fwp%2Fv2%2Fcomments&post=290"}],"wp:featuredmedia":[{"embeddable":true,"href":"https:\/\/wp-test.cro-digital.com\/index.php?rest_route=\/wp\/v2\/media\/412"}],"wp:attachment":[{"href":"https:\/\/wp-test.cro-digital.com\/index.php?rest_route=%2Fwp%2Fv2%2Fmedia&parent=290"}],"curies":[{"name":"wp","href":"https:\/\/api.w.org\/{rel}","templated":true}]}}