{"id":293,"date":"2020-11-03T18:24:13","date_gmt":"2020-11-03T17:24:13","guid":{"rendered":"https:\/\/wp-test.cro-digital.com\/?product=import-placeholder-for-18893"},"modified":"2020-11-03T18:27:43","modified_gmt":"2020-11-03T17:27:43","slug":"jane-ogradica-za-krevet-150x41-bronze","status":"publish","type":"product","link":"https:\/\/wp-test.cro-digital.com\/?product=jane-ogradica-za-krevet-150x41-bronze","title":{"rendered":"Jane ogradica za krevet 150&#215;41 &#8211; Bronze"},"content":{"rendered":"<p>Spavanjem u kolijevci bebe su naviknute okretati se, stoga im je potrebno neko vrijeme da se naviknu da isto ne vrijedi za krevet. Kao pomo\u0107 kod tog velikog prijelaza osmi\u0161ljena je Jane sklopiva ogradica Bronze koja \u0107e sprije\u010diti dijete da padne iz kreveta.<\/p>\n<ul>\n<li>Pogodno za djecu od 18 mjeseci do 5 godina starosti<\/li>\n<li>Sigurna i visoka ogradica \u2013 sprje\u010dava dijete da ska\u010de ili pada iz kreveta<\/li>\n<li>Dizajnirana za madrac minimalne veli\u010dine 90 x 190 cm<\/li>\n<li>Sklopiva \u2013 uklju\u010duje torbu za lak\u0161i prijenos ogradice<\/li>\n<li>Zahvaljuju\u0107i bo\u010dnim zglobovima mo\u017ee se jednostavno preklopiti kako bi se omogu\u0107ilo lak pristup djeteta u krevet<\/li>\n<li>Montira se pomo\u0107u \u017eeljeznog okvira koji se ume\u0107e izme\u0111u madraca i podnice kreveta, ne o\u0161te\u0107uju\u0107i strukturu kreveta<\/li>\n<li>Atraktivan dizajn za zabavu va\u0161eg djeteta<\/li>\n<li>Periva navlaka na 30\u00ba bez centrifuge<\/li>\n<li>Dimenzije: 150 x 41 cm<\/li>\n<\/ul>\n","protected":false},"excerpt":{"rendered":"<p>Kao pomo\u0107 kod tog velikog prijelaza iz kolijevke u krevet osmi\u0161ljena je Jane sklopiva ogradica Bronze koja \u0107e sprije\u010diti dijete da padne iz kreveta.<\/p>\n","protected":false},"featured_media":429,"comment_status":"closed","ping_status":"closed","template":"","meta":[],"_links":{"self":[{"href":"https:\/\/wp-test.cro-digital.com\/index.php?rest_route=\/wp\/v2\/product\/293"}],"collection":[{"href":"https:\/\/wp-test.cro-digital.com\/index.php?rest_route=\/wp\/v2\/product"}],"about":[{"href":"https:\/\/wp-test.cro-digital.com\/index.php?rest_route=\/wp\/v2\/types\/product"}],"replies":[{"embeddable":true,"href":"https:\/\/wp-test.cro-digital.com\/index.php?rest_route=%2Fwp%2Fv2%2Fcomments&post=293"}],"wp:featuredmedia":[{"embeddable":true,"href":"https:\/\/wp-test.cro-digital.com\/index.php?rest_route=\/wp\/v2\/media\/429"}],"wp:attachment":[{"href":"https:\/\/wp-test.cro-digital.com\/index.php?rest_route=%2Fwp%2Fv2%2Fmedia&parent=293"}],"curies":[{"name":"wp","href":"https:\/\/api.w.org\/{rel}","templated":true}]}}